{"id":303,"date":"2015-09-10T18:52:09","date_gmt":"2015-09-10T18:52:09","guid":{"rendered":"http:\/\/exposec.tmp.br\/16\/?page_id=303"},"modified":"2025-11-03T13:31:21","modified_gmt":"2025-11-03T13:31:21","slug":"sobre-a-fiera-milano-brasil","status":"publish","type":"page","link":"https:\/\/careful-olive-sloth.alluring-pink-stork.72-61-35-14.cpanel.site\/?page_id=303","title":{"rendered":"Sobre a Fiera Milano Brasil"},"content":{"rendered":"\t\t<div data-elementor-type=\"wp-page\" data-elementor-id=\"303\" class=\"elementor elementor-303\" data-elementor-post-type=\"page\">\n\t\t\t\t\t\t<section class=\"elementor-section elementor-top-section elementor-element elementor-element-2341a49b elementor-section-height-min-height elementor-section-boxed elementor-section-height-default elementor-section-items-middle\" data-id=\"2341a49b\" data-element_type=\"section\" data-settings=\"{&quot;background_background&quot;:&quot;classic&quot;}\">\n\t\t\t\t\t\t\t<div class=\"elementor-background-overlay\"><\/div>\n\t\t\t\t\t\t\t<div class=\"elementor-container elementor-column-gap-default\">\n\t\t\t\t\t<div class=\"elementor-column elementor-col-33 elementor-top-column elementor-element elementor-element-7f1a7958\" data-id=\"7f1a7958\" data-element_type=\"column\">\n\t\t\t<div class=\"elementor-widget-wrap elementor-element-populated\">\n\t\t\t\t\t\t<div class=\"elementor-element elementor-element-419e5df2 elementor-widget elementor-widget-heading\" data-id=\"419e5df2\" data-element_type=\"widget\" data-widget_type=\"heading.default\">\n\t\t\t\t<div class=\"elementor-widget-container\">\n\t\t\t<h2 class=\"elementor-heading-title elementor-size-default\">Sobre a Fiera Milano Brasil<\/h2>\t\t<\/div>\n\t\t\t\t<\/div>\n\t\t\t\t\t<\/div>\n\t\t<\/div>\n\t\t\t\t<div class=\"elementor-column elementor-col-33 elementor-top-column elementor-element elementor-element-69b00279\" data-id=\"69b00279\" data-element_type=\"column\">\n\t\t\t<div class=\"elementor-widget-wrap elementor-element-populated\">\n\t\t\t\t\t\t<div class=\"elementor-element elementor-element-7bfa340f elementor-widget elementor-widget-eael-creative-button\" data-id=\"7bfa340f\" data-element_type=\"widget\" data-widget_type=\"eael-creative-button.default\">\n\t\t\t\t<div class=\"elementor-widget-container\">\n\t\t\t        <div class=\"eael-creative-button-wrapper\">\n\n            <a class=\"eael-creative-button eael-creative-button--default\" href=\"https:\/\/careful-olive-sloth.alluring-pink-stork.72-61-35-14.cpanel.site\/por-que-expor\/\" data-text=\"\">\n\n\t    \n                <div class=\"creative-button-inner\">\n\n                    \n                    <span class=\"cretive-button-text\">SEJA UM EXPOSITOR<\/span>\n\n                                    <\/div>\n\t                        <\/a>\n        <\/div>\n\t\t<\/div>\n\t\t\t\t<\/div>\n\t\t\t\t\t<\/div>\n\t\t<\/div>\n\t\t\t\t<div class=\"elementor-column elementor-col-33 elementor-top-column elementor-element elementor-element-714f8d2a elementor-hidden-desktop elementor-hidden-tablet elementor-hidden-mobile\" data-id=\"714f8d2a\" data-element_type=\"column\">\n\t\t\t<div class=\"elementor-widget-wrap elementor-element-populated\">\n\t\t\t\t\t\t<div class=\"elementor-element elementor-element-4fe398bc elementor-widget__width-initial elementor-widget elementor-widget-eael-creative-button\" data-id=\"4fe398bc\" data-element_type=\"widget\" data-widget_type=\"eael-creative-button.default\">\n\t\t\t\t<div class=\"elementor-widget-container\">\n\t\t\t        <div class=\"eael-creative-button-wrapper\">\n\n            <a class=\"eael-creative-button eael-creative-button--default\" href=\"https:\/\/careful-olive-sloth.alluring-pink-stork.72-61-35-14.cpanel.site\/credenciamento\/\" data-text=\"\">\n\n\t    \n                <div class=\"creative-button-inner\">\n\n                    \n                    <span class=\"cretive-button-text\">CREDENCIAMENTO<\/span>\n\n                                    <\/div>\n\t                        <\/a>\n        <\/div>\n\t\t<\/div>\n\t\t\t\t<\/div>\n\t\t\t\t\t<\/div>\n\t\t<\/div>\n\t\t\t\t\t<\/div>\n\t\t<\/section>\n\t\t\t\t<section class=\"elementor-section elementor-top-section elementor-element elementor-element-9a9afb2 elementor-section-height-min-height elementor-section-boxed elementor-section-height-default elementor-section-items-middle\" data-id=\"9a9afb2\" data-element_type=\"section\">\n\t\t\t\t\t\t<div class=\"elementor-container elementor-column-gap-default\">\n\t\t\t\t\t<div class=\"elementor-column elementor-col-100 elementor-top-column elementor-element elementor-element-57b2310\" data-id=\"57b2310\" data-element_type=\"column\">\n\t\t\t<div class=\"elementor-widget-wrap elementor-element-populated\">\n\t\t\t\t\t\t<div class=\"elementor-element elementor-element-b868b47 eael-dual-header-content-align-center elementor-widget elementor-widget-eael-dual-color-header\" data-id=\"b868b47\" data-element_type=\"widget\" data-widget_type=\"eael-dual-color-header.default\">\n\t\t\t\t<div class=\"elementor-widget-container\">\n\t\t\t\t\t\t<div class=\"eael-dual-header\">\n\t\t\t\t\t\t\t\t<h2 class=\"title\"><span class=\"lead solid-color\">Sobre a<\/span> <span> Fiera Milano Brasil<\/span><\/h2>\t\t\t\t<span class=\"subtext\"><p style=\"text-align: justify\">A <strong>Fiera Milano Brasil<\/strong> \u00e9 especializada em feiras de neg\u00f3cios e publica\u00e7\u00f5es t\u00e9cnicas, e tem como objetivo, aproximar organiza\u00e7\u00f5es e criar oportunidades de relacionamentos por meio da realiza\u00e7\u00e3o de grandes feiras e publica\u00e7\u00f5es de revistas segmentadas na Am\u00e9rica Latina.<\/p><p style=\"text-align: justify\">Fundado em 1977, o Grupo CIPA consolidou-se como especialista quando o assunto \u00e9 seguran\u00e7a preventiva e sa\u00fade no trabalho, seguran\u00e7a privada, preven\u00e7\u00e3o e combate a inc\u00eandios, meio ambiente e afins.<\/p><p style=\"text-align: justify\">Em 2011, foi adquirido pela empresa italiana Fiera Milano, tornando-se a filial brasileira de uma das empresas l\u00edderes mundiais de feiras e congressos do mundo.<\/p><\/span>\n\t\t\t<\/div>\n\t\t\t\t<\/div>\n\t\t\t\t<\/div>\n\t\t\t\t\t<\/div>\n\t\t<\/div>\n\t\t\t\t\t<\/div>\n\t\t<\/section>\n\t\t\t\t<section class=\"elementor-section elementor-top-section elementor-element elementor-element-cc55981 elementor-section-boxed elementor-section-height-default elementor-section-height-default\" data-id=\"cc55981\" data-element_type=\"section\">\n\t\t\t\t\t\t<div class=\"elementor-container elementor-column-gap-default\">\n\t\t\t\t\t<div class=\"elementor-column elementor-col-100 elementor-top-column elementor-element elementor-element-0cd663d\" data-id=\"0cd663d\" data-element_type=\"column\">\n\t\t\t<div class=\"elementor-widget-wrap elementor-element-populated\">\n\t\t\t\t\t\t<div class=\"elementor-element elementor-element-8f7cc6c elementor-cta--skin-cover elementor-cta--valign-middle elementor-animated-content elementor-bg-transform elementor-bg-transform-zoom-in elementor-widget elementor-widget-call-to-action\" data-id=\"8f7cc6c\" data-element_type=\"widget\" data-widget_type=\"call-to-action.default\">\n\t\t\t\t<div class=\"elementor-widget-container\">\n\t\t\t\t\t<div class=\"elementor-cta\">\n\t\t\t\t\t<div class=\"elementor-cta__bg-wrapper\">\n\t\t\t\t<div class=\"elementor-cta__bg elementor-bg\" style=\"background-image: url(https:\/\/careful-olive-sloth.alluring-pink-stork.72-61-35-14.cpanel.site\/wp-content\/uploads\/2020\/11\/fiera-milano.jpg);\" role=\"img\" aria-label=\"Fiera Milano\"><\/div>\n\t\t\t\t<div class=\"elementor-cta__bg-overlay\"><\/div>\n\t\t\t<\/div>\n\t\t\t\t\t\t\t<div class=\"elementor-cta__content\">\n\t\t\t\t\n\t\t\t\t\t\t\t\t\t<h2 class=\"elementor-cta__title elementor-cta__content-item elementor-content-item elementor-animated-item--grow\">\n\t\t\t\t\t\tFiera Milano \u00e9 o grupo l\u00edder em exposi\u00e7\u00f5es na <br\/>It\u00e1lia e um dos melhores do mundo.\t\t\t\t\t<\/h2>\n\t\t\t\t\n\t\t\t\t\t\t\t\t\t<div class=\"elementor-cta__description elementor-cta__content-item elementor-content-item elementor-animated-item--grow\">\n\t\t\t\t\t\tFa\u00e7a como as Principais Marcas do Setor!\t\t\t\t\t<\/div>\n\t\t\t\t\n\t\t\t\t\t\t\t\t\t<div class=\"elementor-cta__button-wrapper elementor-cta__content-item elementor-content-item elementor-animated-item--grow\">\n\t\t\t\t\t<a class=\"elementor-cta__button elementor-button elementor-size-\" href=\"https:\/\/careful-olive-sloth.alluring-pink-stork.72-61-35-14.cpanel.site\/por-que-expor\/\">\n\t\t\t\t\t\tSEJA UM EXPOSITOR\t\t\t\t\t<\/a>\n\t\t\t\t\t<\/div>\n\t\t\t\t\t\t\t<\/div>\n\t\t\t\t\t\t<\/div>\n\t\t\t\t<\/div>\n\t\t\t\t<\/div>\n\t\t\t\t\t<\/div>\n\t\t<\/div>\n\t\t\t\t\t<\/div>\n\t\t<\/section>\n\t\t\t\t<\/div>\n\t\t","protected":false},"excerpt":{"rendered":"<p>Sobre a Fiera Milano Brasil SEJA UM EXPOSITOR CREDENCIAMENTO Sobre a Fiera Milano Brasil A Fiera Milano Brasil \u00e9 especializada em feiras de neg\u00f3cios e publica\u00e7\u00f5es t\u00e9cnicas, e tem como objetivo, aproximar organiza\u00e7\u00f5es e criar oportunidades de relacionamentos por meio da realiza\u00e7\u00e3o de grandes feiras e publica\u00e7\u00f5es de revistas segmentadas na Am\u00e9rica Latina. Fundado em [&hellip;]<\/p>\n","protected":false},"author":1,"featured_media":0,"parent":0,"menu_order":0,"comment_status":"closed","ping_status":"open","template":"","meta":{"footnotes":""},"class_list":["post-303","page","type-page","status-publish","hentry"],"yoast_head":"<!-- This site is optimized with the Yoast SEO plugin v18.1 - https:\/\/yoast.com\/wordpress\/plugins\/seo\/ -->\n<title>Sobre a Fiera Milano Brasil - Wire Brasil<\/title>\n<meta name=\"robots\" content=\"index, follow, max-snippet:-1, max-image-preview:large, max-video-preview:-1\" \/>\n<link rel=\"canonical\" href=\"https:\/\/careful-olive-sloth.alluring-pink-stork.72-61-35-14.cpanel.site\/?page_id=303\" \/>\n<meta property=\"og:locale\" content=\"pt_BR\" \/>\n<meta property=\"og:type\" content=\"article\" \/>\n<meta property=\"og:title\" content=\"Sobre a Fiera Milano Brasil - Wire Brasil\" \/>\n<meta property=\"og:description\" content=\"Sobre a Fiera Milano Brasil SEJA UM EXPOSITOR CREDENCIAMENTO Sobre a Fiera Milano Brasil A Fiera Milano Brasil \u00e9 especializada em feiras de neg\u00f3cios e publica\u00e7\u00f5es t\u00e9cnicas, e tem como objetivo, aproximar organiza\u00e7\u00f5es e criar oportunidades de relacionamentos por meio da realiza\u00e7\u00e3o de grandes feiras e publica\u00e7\u00f5es de revistas segmentadas na Am\u00e9rica Latina. Fundado em [&hellip;]\" \/>\n<meta property=\"og:url\" content=\"https:\/\/careful-olive-sloth.alluring-pink-stork.72-61-35-14.cpanel.site\/?page_id=303\" \/>\n<meta property=\"og:site_name\" content=\"Wire Brasil\" \/>\n<meta property=\"article:modified_time\" content=\"2025-11-03T13:31:21+00:00\" \/>\n<meta name=\"twitter:card\" content=\"summary_large_image\" \/>\n<meta name=\"twitter:label1\" content=\"Est. tempo de leitura\" \/>\n\t<meta name=\"twitter:data1\" content=\"1 minuto\" \/>\n<script type=\"application\/ld+json\" class=\"yoast-schema-graph\">{\"@context\":\"https:\/\/schema.org\",\"@graph\":[{\"@type\":\"WebSite\",\"@id\":\"https:\/\/careful-olive-sloth.alluring-pink-stork.72-61-35-14.cpanel.site\/#website\",\"url\":\"https:\/\/careful-olive-sloth.alluring-pink-stork.72-61-35-14.cpanel.site\/\",\"name\":\"Wire Brasil\",\"description\":\"Feira Internacional de Fios e Cabos, \",\"potentialAction\":[{\"@type\":\"SearchAction\",\"target\":{\"@type\":\"EntryPoint\",\"urlTemplate\":\"https:\/\/careful-olive-sloth.alluring-pink-stork.72-61-35-14.cpanel.site\/?s={search_term_string}\"},\"query-input\":\"required name=search_term_string\"}],\"inLanguage\":\"pt-BR\"},{\"@type\":\"WebPage\",\"@id\":\"https:\/\/careful-olive-sloth.alluring-pink-stork.72-61-35-14.cpanel.site\/?page_id=303#webpage\",\"url\":\"https:\/\/careful-olive-sloth.alluring-pink-stork.72-61-35-14.cpanel.site\/?page_id=303\",\"name\":\"Sobre a Fiera Milano Brasil - Wire Brasil\",\"isPartOf\":{\"@id\":\"https:\/\/careful-olive-sloth.alluring-pink-stork.72-61-35-14.cpanel.site\/#website\"},\"datePublished\":\"2015-09-10T18:52:09+00:00\",\"dateModified\":\"2025-11-03T13:31:21+00:00\",\"breadcrumb\":{\"@id\":\"https:\/\/careful-olive-sloth.alluring-pink-stork.72-61-35-14.cpanel.site\/?page_id=303#breadcrumb\"},\"inLanguage\":\"pt-BR\",\"potentialAction\":[{\"@type\":\"ReadAction\",\"target\":[\"https:\/\/careful-olive-sloth.alluring-pink-stork.72-61-35-14.cpanel.site\/?page_id=303\"]}]},{\"@type\":\"BreadcrumbList\",\"@id\":\"https:\/\/careful-olive-sloth.alluring-pink-stork.72-61-35-14.cpanel.site\/?page_id=303#breadcrumb\",\"itemListElement\":[{\"@type\":\"ListItem\",\"position\":1,\"name\":\"In\u00edcio\",\"item\":\"https:\/\/careful-olive-sloth.alluring-pink-stork.72-61-35-14.cpanel.site\/\"},{\"@type\":\"ListItem\",\"position\":2,\"name\":\"Sobre a Fiera Milano Brasil\"}]}]}<\/script>\n<!-- \/ Yoast SEO plugin. -->","yoast_head_json":{"title":"Sobre a Fiera Milano Brasil - Wire Brasil","robots":{"index":"index","follow":"follow","max-snippet":"max-snippet:-1","max-image-preview":"max-image-preview:large","max-video-preview":"max-video-preview:-1"},"canonical":"https:\/\/careful-olive-sloth.alluring-pink-stork.72-61-35-14.cpanel.site\/?page_id=303","og_locale":"pt_BR","og_type":"article","og_title":"Sobre a Fiera Milano Brasil - Wire Brasil","og_description":"Sobre a Fiera Milano Brasil SEJA UM EXPOSITOR CREDENCIAMENTO Sobre a Fiera Milano Brasil A Fiera Milano Brasil \u00e9 especializada em feiras de neg\u00f3cios e publica\u00e7\u00f5es t\u00e9cnicas, e tem como objetivo, aproximar organiza\u00e7\u00f5es e criar oportunidades de relacionamentos por meio da realiza\u00e7\u00e3o de grandes feiras e publica\u00e7\u00f5es de revistas segmentadas na Am\u00e9rica Latina. Fundado em [&hellip;]","og_url":"https:\/\/careful-olive-sloth.alluring-pink-stork.72-61-35-14.cpanel.site\/?page_id=303","og_site_name":"Wire Brasil","article_modified_time":"2025-11-03T13:31:21+00:00","twitter_card":"summary_large_image","twitter_misc":{"Est. tempo de leitura":"1 minuto"},"schema":{"@context":"https:\/\/schema.org","@graph":[{"@type":"WebSite","@id":"https:\/\/careful-olive-sloth.alluring-pink-stork.72-61-35-14.cpanel.site\/#website","url":"https:\/\/careful-olive-sloth.alluring-pink-stork.72-61-35-14.cpanel.site\/","name":"Wire Brasil","description":"Feira Internacional de Fios e Cabos, ","potentialAction":[{"@type":"SearchAction","target":{"@type":"EntryPoint","urlTemplate":"https:\/\/careful-olive-sloth.alluring-pink-stork.72-61-35-14.cpanel.site\/?s={search_term_string}"},"query-input":"required name=search_term_string"}],"inLanguage":"pt-BR"},{"@type":"WebPage","@id":"https:\/\/careful-olive-sloth.alluring-pink-stork.72-61-35-14.cpanel.site\/?page_id=303#webpage","url":"https:\/\/careful-olive-sloth.alluring-pink-stork.72-61-35-14.cpanel.site\/?page_id=303","name":"Sobre a Fiera Milano Brasil - Wire Brasil","isPartOf":{"@id":"https:\/\/careful-olive-sloth.alluring-pink-stork.72-61-35-14.cpanel.site\/#website"},"datePublished":"2015-09-10T18:52:09+00:00","dateModified":"2025-11-03T13:31:21+00:00","breadcrumb":{"@id":"https:\/\/careful-olive-sloth.alluring-pink-stork.72-61-35-14.cpanel.site\/?page_id=303#breadcrumb"},"inLanguage":"pt-BR","potentialAction":[{"@type":"ReadAction","target":["https:\/\/careful-olive-sloth.alluring-pink-stork.72-61-35-14.cpanel.site\/?page_id=303"]}]},{"@type":"BreadcrumbList","@id":"https:\/\/careful-olive-sloth.alluring-pink-stork.72-61-35-14.cpanel.site\/?page_id=303#breadcrumb","itemListElement":[{"@type":"ListItem","position":1,"name":"In\u00edcio","item":"https:\/\/careful-olive-sloth.alluring-pink-stork.72-61-35-14.cpanel.site\/"},{"@type":"ListItem","position":2,"name":"Sobre a Fiera Milano Brasil"}]}]}},"_links":{"self":[{"href":"https:\/\/careful-olive-sloth.alluring-pink-stork.72-61-35-14.cpanel.site\/index.php?rest_route=\/wp\/v2\/pages\/303","targetHints":{"allow":["GET"]}}],"collection":[{"href":"https:\/\/careful-olive-sloth.alluring-pink-stork.72-61-35-14.cpanel.site\/index.php?rest_route=\/wp\/v2\/pages"}],"about":[{"href":"https:\/\/careful-olive-sloth.alluring-pink-stork.72-61-35-14.cpanel.site\/index.php?rest_route=\/wp\/v2\/types\/page"}],"author":[{"embeddable":true,"href":"https:\/\/careful-olive-sloth.alluring-pink-stork.72-61-35-14.cpanel.site\/index.php?rest_route=\/wp\/v2\/users\/1"}],"replies":[{"embeddable":true,"href":"https:\/\/careful-olive-sloth.alluring-pink-stork.72-61-35-14.cpanel.site\/index.php?rest_route=%2Fwp%2Fv2%2Fcomments&post=303"}],"version-history":[{"count":26,"href":"https:\/\/careful-olive-sloth.alluring-pink-stork.72-61-35-14.cpanel.site\/index.php?rest_route=\/wp\/v2\/pages\/303\/revisions"}],"predecessor-version":[{"id":12071,"href":"https:\/\/careful-olive-sloth.alluring-pink-stork.72-61-35-14.cpanel.site\/index.php?rest_route=\/wp\/v2\/pages\/303\/revisions\/12071"}],"wp:attachment":[{"href":"https:\/\/careful-olive-sloth.alluring-pink-stork.72-61-35-14.cpanel.site\/index.php?rest_route=%2Fwp%2Fv2%2Fmedia&parent=303"}],"curies":[{"name":"wp","href":"https:\/\/api.w.org\/{rel}","templated":true}]}}