{"id":336,"date":"2015-09-10T20:58:40","date_gmt":"2015-09-10T20:58:40","guid":{"rendered":"http:\/\/exposec.tmp.br\/16\/?page_id=336"},"modified":"2025-07-24T17:32:39","modified_gmt":"2025-07-24T17:32:39","slug":"duvidas-frequentes-visitantes","status":"publish","type":"page","link":"https:\/\/careful-olive-sloth.alluring-pink-stork.72-61-35-14.cpanel.site\/?page_id=336","title":{"rendered":"D\u00favidas Frequentes"},"content":{"rendered":"\t\t<div data-elementor-type=\"wp-page\" data-elementor-id=\"336\" class=\"elementor elementor-336\" data-elementor-post-type=\"page\">\n\t\t\t\t\t\t<section class=\"elementor-section elementor-top-section elementor-element elementor-element-1591112 elementor-section-height-min-height elementor-section-boxed elementor-section-height-default elementor-section-items-middle\" data-id=\"1591112\" data-element_type=\"section\" data-settings=\"{&quot;background_background&quot;:&quot;classic&quot;}\">\n\t\t\t\t\t\t\t<div class=\"elementor-background-overlay\"><\/div>\n\t\t\t\t\t\t\t<div class=\"elementor-container elementor-column-gap-default\">\n\t\t\t\t\t<div class=\"elementor-column elementor-col-33 elementor-top-column elementor-element elementor-element-37788983\" data-id=\"37788983\" data-element_type=\"column\">\n\t\t\t<div class=\"elementor-widget-wrap elementor-element-populated\">\n\t\t\t\t\t\t<div class=\"elementor-element elementor-element-92d95e8 elementor-widget elementor-widget-heading\" data-id=\"92d95e8\" data-element_type=\"widget\" data-widget_type=\"heading.default\">\n\t\t\t\t<div class=\"elementor-widget-container\">\n\t\t\t<h2 class=\"elementor-heading-title elementor-size-default\">D\u00daVIDAS FREQUENTES<\/h2>\t\t<\/div>\n\t\t\t\t<\/div>\n\t\t\t\t\t<\/div>\n\t\t<\/div>\n\t\t\t\t<div class=\"elementor-column elementor-col-33 elementor-top-column elementor-element elementor-element-12e38175\" data-id=\"12e38175\" data-element_type=\"column\">\n\t\t\t<div class=\"elementor-widget-wrap elementor-element-populated\">\n\t\t\t\t\t\t<div class=\"elementor-element elementor-element-3ffe53e2 elementor-widget elementor-widget-eael-creative-button\" data-id=\"3ffe53e2\" data-element_type=\"widget\" data-widget_type=\"eael-creative-button.default\">\n\t\t\t\t<div class=\"elementor-widget-container\">\n\t\t\t        <div class=\"eael-creative-button-wrapper\">\n\n            <a class=\"eael-creative-button eael-creative-button--default\" href=\"https:\/\/careful-olive-sloth.alluring-pink-stork.72-61-35-14.cpanel.site\/por-que-expor\/\" data-text=\"\">\n\n\t    \n                <div class=\"creative-button-inner\">\n\n                    \n                    <span class=\"cretive-button-text\">SEJA UM EXPOSITOR<\/span>\n\n                                    <\/div>\n\t                        <\/a>\n        <\/div>\n\t\t<\/div>\n\t\t\t\t<\/div>\n\t\t\t\t\t<\/div>\n\t\t<\/div>\n\t\t\t\t<div class=\"elementor-column elementor-col-33 elementor-top-column elementor-element elementor-element-72288a79\" data-id=\"72288a79\" data-element_type=\"column\">\n\t\t\t<div class=\"elementor-widget-wrap elementor-element-populated\">\n\t\t\t\t\t\t<div class=\"elementor-element elementor-element-512d294d elementor-widget__width-initial elementor-widget elementor-widget-eael-creative-button\" data-id=\"512d294d\" data-element_type=\"widget\" data-widget_type=\"eael-creative-button.default\">\n\t\t\t\t<div class=\"elementor-widget-container\">\n\t\t\t        <div class=\"eael-creative-button-wrapper\">\n\n            <a class=\"eael-creative-button eael-creative-button--default\" href=\"https:\/\/careful-olive-sloth.alluring-pink-stork.72-61-35-14.cpanel.site\/credenciamento\/\" target=\"_blank\" data-text=\"\">\n\n\t    \n                <div class=\"creative-button-inner\">\n\n                    \n                    <span class=\"cretive-button-text\">CREDENCIAMENTO<\/span>\n\n                                    <\/div>\n\t                        <\/a>\n        <\/div>\n\t\t<\/div>\n\t\t\t\t<\/div>\n\t\t\t\t\t<\/div>\n\t\t<\/div>\n\t\t\t\t\t<\/div>\n\t\t<\/section>\n\t\t\t\t<section class=\"elementor-section elementor-top-section elementor-element elementor-element-ec75ad8 elementor-section-height-min-height elementor-section-boxed elementor-section-height-default elementor-section-items-middle\" data-id=\"ec75ad8\" data-element_type=\"section\">\n\t\t\t\t\t\t<div class=\"elementor-container elementor-column-gap-default\">\n\t\t\t\t\t<div class=\"elementor-column elementor-col-100 elementor-top-column elementor-element elementor-element-7dde745\" data-id=\"7dde745\" data-element_type=\"column\">\n\t\t\t<div class=\"elementor-widget-wrap elementor-element-populated\">\n\t\t\t\t\t\t<div class=\"elementor-element elementor-element-c4420a7 eael-dual-header-content-align-center elementor-widget elementor-widget-eael-dual-color-header\" data-id=\"c4420a7\" data-element_type=\"widget\" data-widget_type=\"eael-dual-color-header.default\">\n\t\t\t\t<div class=\"elementor-widget-container\">\n\t\t\t\t\t\t<div class=\"eael-dual-header\">\n\t\t\t\t\t\t\t\t<h2 class=\"title\"><span class=\"lead solid-color\">D\u00daVIDAS FREQUENTES<\/span> <span>VISITANTES<\/span><\/h2>\t\t\t\t<span class=\"subtext\"><\/span>\n\t\t\t<\/div>\n\t\t\t\t<\/div>\n\t\t\t\t<\/div>\n\t\t\t\t\t<\/div>\n\t\t<\/div>\n\t\t\t\t\t<\/div>\n\t\t<\/section>\n\t\t\t\t<section class=\"elementor-section elementor-top-section elementor-element elementor-element-138975e elementor-section-boxed elementor-section-height-default elementor-section-height-default\" data-id=\"138975e\" data-element_type=\"section\">\n\t\t\t\t\t\t<div class=\"elementor-container elementor-column-gap-default\">\n\t\t\t\t\t<div class=\"elementor-column elementor-col-100 elementor-top-column elementor-element elementor-element-cdebd63\" data-id=\"cdebd63\" data-element_type=\"column\">\n\t\t\t<div class=\"elementor-widget-wrap elementor-element-populated\">\n\t\t\t\t\t\t<div class=\"elementor-element elementor-element-5dce001 elementor-widget elementor-widget-shortcode\" data-id=\"5dce001\" data-element_type=\"widget\" data-widget_type=\"shortcode.default\">\n\t\t\t\t<div class=\"elementor-widget-container\">\n\t\t\t\t\t<div class=\"elementor-shortcode\"><div class=\"hrf-faq-list\"><article class=\"hrf-entry\" id=\"hrf-entry-1919\">\n                      <h3 class=\"hrf-title close-faq\" data-content-id=\"hrf-content-1919\"><span><\/span>1. Recebi minha credencial antecipada. Preciso fazer o credenciamento no local?<\/h3>\n                     <div class=\"hrf-content\" id=\"hrf-content-1919\"><p>N\u00e3o. A credencial antecipada permite entrar no evento sem a necessidade de fazer novo cadastro no balc\u00e3o de credenciamento.<\/p>\n<\/div>\n                  <\/article><article class=\"hrf-entry\" id=\"hrf-entry-1920\">\n                      <h3 class=\"hrf-title close-faq\" data-content-id=\"hrf-content-1920\"><span><\/span>2. N\u00e3o recebi minha credencial pelos correios, como devo proceder?<\/h3>\n                     <div class=\"hrf-content\" id=\"hrf-content-1920\"><p>Caso n\u00e3o receba a sua credencial at\u00e9 o dia do evento, voc\u00ea poder\u00e1 efetuar o seu pr\u00e9-credenciamento gratuito no site do evento e imprimir a sua credencial nos totens de autoatendimento disponibilizados na entrada da feira.<\/p>\n<\/div>\n                  <\/article><article class=\"hrf-entry\" id=\"hrf-entry-1921\">\n                      <h3 class=\"hrf-title close-faq\" data-content-id=\"hrf-content-1921\"><span><\/span>3. Posso fazer o credenciamento no local do evento?<\/h3>\n                     <div class=\"hrf-content\" id=\"hrf-content-1921\"><p>Sim, por\u00e9m, para facilitar a sua entrada, recomendamos que efetue o seu pr\u00e9-credenciamento pelo site. Assim, poder\u00e1 emitir a sua credencial por meio dos totens de autoatendimento localizados na entrada da feira.<\/p>\n<\/div>\n                  <\/article><article class=\"hrf-entry\" id=\"hrf-entry-1922\">\n                      <h3 class=\"hrf-title close-faq\" data-content-id=\"hrf-content-1922\"><span><\/span>4. \u00c9 permitida a entrada de menores de idade?<\/h3>\n                     <div class=\"hrf-content\" id=\"hrf-content-1922\"><p>Por quest\u00f5es de seguran\u00e7a n\u00e3o \u00e9 permitida a entrada de menores de 16 anos, com exce\u00e7\u00e3o de beb\u00eas lactantes\u00a0com at\u00e9 1 ano.<\/p>\n<\/div>\n                  <\/article><article class=\"hrf-entry\" id=\"hrf-entry-1923\">\n                      <h3 class=\"hrf-title close-faq\" data-content-id=\"hrf-content-1923\"><span><\/span>5. Posso entrar no evento trajando regata, chinelo ou bermuda?<\/h3>\n                     <div class=\"hrf-content\" id=\"hrf-content-1923\"><p>N\u00e3o. Recomendamos a utiliza\u00e7\u00e3o de roupas e cal\u00e7ados fechados para visitar a feira.<\/p>\n<\/div>\n                  <\/article><article class=\"hrf-entry\" id=\"hrf-entry-1924\">\n                      <h3 class=\"hrf-title close-faq\" data-content-id=\"hrf-content-1924\"><span><\/span>6. \u00c9 permitida a entrada de estudantes?<\/h3>\n                     <div class=\"hrf-content\" id=\"hrf-content-1924\"><p>Sim, \u00e9 permitida a entrada de estudante, respeitando a restri\u00e7\u00e3o de idade m\u00ednima de 16 anos.<\/p>\n<\/div>\n                  <\/article><article class=\"hrf-entry\" id=\"hrf-entry-1925\">\n                      <h3 class=\"hrf-title close-faq\" data-content-id=\"hrf-content-1925\"><span><\/span>7. Como fa\u00e7o para chegar ao evento?<\/h3>\n                     <div class=\"hrf-content\" id=\"hrf-content-1925\"><p><strong>Metr\u00f4:<\/strong> O S\u00e3o Paulo Expo\u00a0est\u00e1 a 850m da esta\u00e7\u00e3o Jabaquara.<\/p>\n<p><b>Transporte Gratuito: <\/b>Haver\u00e1 transporte gratuito com in\u00edcio 1 hora antes at\u00e9 1 hora depois do funcionamento da feira. Sa\u00edda da Esta\u00e7\u00e3o de Metr\u00f4 Santos-Imigrantes &#8211; Rua Engenheiro Guilherme Winter, s\/n &#8211; Cursino, S\u00e3o Paulo\u00a0&#8211;\u00a0SP,\u00a004124020<\/p>\n<p><strong>Taxi:<\/strong>\u00a0Centrais de taxi ser\u00e3o disponibilizadas nos per\u00edodos de feira. A partir da esta\u00e7\u00e3o do metr\u00f4, pode-se tomar um taxi at\u00e9 o S\u00e3o Paulo Expo.<\/p>\n<p>Para mais informa\u00e7\u00f5es, <u><a href=\"https:\/\/careful-olive-sloth.alluring-pink-stork.72-61-35-14.cpanel.site\/data-e-local\/\">clique aqui<\/a><\/u><\/p>\n<\/div>\n                  <\/article><article class=\"hrf-entry\" id=\"hrf-entry-1926\">\n                      <h3 class=\"hrf-title close-faq\" data-content-id=\"hrf-content-1926\"><span><\/span>8. O evento possui estacionamento no local?<\/h3>\n                     <div class=\"hrf-content\" id=\"hrf-content-1926\"><p>Sim, o evento possui estacionamento para mais de 4.500 ve\u00edculos. A tabela com os pre\u00e7os oficiais est\u00e1 dispon\u00edvel no site <a href=\"https:\/\/www.saopauloexpo.com.br\/pt\/estacionamento\/\" target=\"_blank\">www.saopauloexpo.com.br<\/a>.<\/p>\n<\/div>\n                  <\/article><article class=\"hrf-entry\" id=\"hrf-entry-1927\">\n                      <h3 class=\"hrf-title close-faq\" data-content-id=\"hrf-content-1927\"><span><\/span>9. Eu recebo um Certificado de Participa\u00e7\u00e3o?<\/h3>\n                     <div class=\"hrf-content\" id=\"hrf-content-1927\"><p>N\u00e3o ser\u00e3o emitidos Certificado de Participa\u00e7\u00e3o para os visitantes do evento.<\/p>\n<\/div>\n                  <\/article><article class=\"hrf-entry\" id=\"hrf-entry-1928\">\n                      <h3 class=\"hrf-title close-faq\" data-content-id=\"hrf-content-1928\"><span><\/span>10. Haver\u00e1 guarda-volumes no local?<\/h3>\n                     <div class=\"hrf-content\" id=\"hrf-content-1928\"><p class=\"p1\"><span class=\"s1\">Sim. O evento disponibilizar\u00e1 guarda-volumes localizado na entrada da feira.<\/span><\/p>\n<p class=\"p1\"><span class=\"s1\">Todos os expositores e visitantes podem utilizar os servi\u00e7os do Guarda-volumes para guardar seus pertences e circular pela feira com toda praticidade e conforto.<\/span><\/p>\n<p class=\"p1\"><span class=\"s1\"><b>Valor:<\/b> R$ 3o,00 (trinta reais) por volume.<\/span><\/p>\n<p class=\"p1\"><span class=\"s1\"><b>Forma de Pagamento:<\/b> Pix, Dinheiro, Cart\u00e3o de D\u00e9bito ou Cr\u00e9dito.<\/span><\/p>\n<p class=\"p1\"><span class=\"s1\"><b>Ser\u00e3o aceitas:<\/b>\u00a0Bolsas, mochilas e malas.<\/span><\/p>\n<p class=\"p1\"><span class=\"s1\"><b>N\u00e3o ser\u00e3o\u00a0permitidas:<\/b>\u00a0Carteiras e bolsas de m\u00e3o soltas por medida de seguran\u00e7a.<\/span><\/p>\n<p class=\"p1\"><span class=\"s1\"><b>Hor\u00e1rio de funcionamento do Guarda-volumes:<\/b>\u00a0das\u00a0<strong>09h \u00e0s 18h30 <\/strong><\/span>(todos os dias);<\/p>\n<\/div>\n                  <\/article><article class=\"hrf-entry\" id=\"hrf-entry-1929\">\n                      <h3 class=\"hrf-title close-faq\" data-content-id=\"hrf-content-1929\"><span><\/span>11. Existem caixas eletr\u00f4nicos no local?<\/h3>\n                     <div class=\"hrf-content\" id=\"hrf-content-1929\"><p>N\u00e3o, este servi\u00e7o n\u00e3o est\u00e1 dispon\u00edvel no local.<\/p>\n<\/div>\n                  <\/article><article class=\"hrf-entry\" id=\"hrf-entry-1930\">\n                      <h3 class=\"hrf-title close-faq\" data-content-id=\"hrf-content-1930\"><span><\/span>12. O local possui acesso \u00e0 internet e tomadas?<\/h3>\n                     <div class=\"hrf-content\" id=\"hrf-content-1930\"><p>N\u00e3o, estes servi\u00e7os n\u00e3o est\u00e3o dispon\u00edveis no local.<\/p>\n<\/div>\n                  <\/article><\/div><\/div>\n\t\t\t\t<\/div>\n\t\t\t\t<\/div>\n\t\t\t\t\t<\/div>\n\t\t<\/div>\n\t\t\t\t\t<\/div>\n\t\t<\/section>\n\t\t\t\t<\/div>\n\t\t","protected":false},"excerpt":{"rendered":"<p>D\u00daVIDAS FREQUENTES SEJA UM EXPOSITOR CREDENCIAMENTO D\u00daVIDAS FREQUENTES VISITANTES<\/p>\n","protected":false},"author":1,"featured_media":0,"parent":0,"menu_order":0,"comment_status":"closed","ping_status":"open","template":"","meta":{"footnotes":""},"class_list":["post-336","page","type-page","status-publish","hentry"],"yoast_head":"<!-- This site is optimized with the Yoast SEO plugin v18.1 - https:\/\/yoast.com\/wordpress\/plugins\/seo\/ -->\n<title>D\u00favidas Frequentes - Wire Brasil<\/title>\n<meta name=\"robots\" content=\"index, follow, max-snippet:-1, max-image-preview:large, max-video-preview:-1\" \/>\n<link rel=\"canonical\" href=\"https:\/\/careful-olive-sloth.alluring-pink-stork.72-61-35-14.cpanel.site\/?page_id=336\" \/>\n<meta property=\"og:locale\" content=\"pt_BR\" \/>\n<meta property=\"og:type\" content=\"article\" \/>\n<meta property=\"og:title\" content=\"D\u00favidas Frequentes - Wire Brasil\" \/>\n<meta property=\"og:description\" content=\"D\u00daVIDAS FREQUENTES SEJA UM EXPOSITOR CREDENCIAMENTO D\u00daVIDAS FREQUENTES VISITANTES\" \/>\n<meta property=\"og:url\" content=\"https:\/\/careful-olive-sloth.alluring-pink-stork.72-61-35-14.cpanel.site\/?page_id=336\" \/>\n<meta property=\"og:site_name\" content=\"Wire Brasil\" \/>\n<meta property=\"article:modified_time\" content=\"2025-07-24T17:32:39+00:00\" \/>\n<meta name=\"twitter:card\" content=\"summary_large_image\" \/>\n<script type=\"application\/ld+json\" class=\"yoast-schema-graph\">{\"@context\":\"https:\/\/schema.org\",\"@graph\":[{\"@type\":\"WebSite\",\"@id\":\"https:\/\/careful-olive-sloth.alluring-pink-stork.72-61-35-14.cpanel.site\/#website\",\"url\":\"https:\/\/careful-olive-sloth.alluring-pink-stork.72-61-35-14.cpanel.site\/\",\"name\":\"Wire Brasil\",\"description\":\"Feira Internacional de Fios e Cabos, \",\"potentialAction\":[{\"@type\":\"SearchAction\",\"target\":{\"@type\":\"EntryPoint\",\"urlTemplate\":\"https:\/\/careful-olive-sloth.alluring-pink-stork.72-61-35-14.cpanel.site\/?s={search_term_string}\"},\"query-input\":\"required name=search_term_string\"}],\"inLanguage\":\"pt-BR\"},{\"@type\":\"WebPage\",\"@id\":\"https:\/\/careful-olive-sloth.alluring-pink-stork.72-61-35-14.cpanel.site\/?page_id=336#webpage\",\"url\":\"https:\/\/careful-olive-sloth.alluring-pink-stork.72-61-35-14.cpanel.site\/?page_id=336\",\"name\":\"D\u00favidas Frequentes - Wire Brasil\",\"isPartOf\":{\"@id\":\"https:\/\/careful-olive-sloth.alluring-pink-stork.72-61-35-14.cpanel.site\/#website\"},\"datePublished\":\"2015-09-10T20:58:40+00:00\",\"dateModified\":\"2025-07-24T17:32:39+00:00\",\"breadcrumb\":{\"@id\":\"https:\/\/careful-olive-sloth.alluring-pink-stork.72-61-35-14.cpanel.site\/?page_id=336#breadcrumb\"},\"inLanguage\":\"pt-BR\",\"potentialAction\":[{\"@type\":\"ReadAction\",\"target\":[\"https:\/\/careful-olive-sloth.alluring-pink-stork.72-61-35-14.cpanel.site\/?page_id=336\"]}]},{\"@type\":\"BreadcrumbList\",\"@id\":\"https:\/\/careful-olive-sloth.alluring-pink-stork.72-61-35-14.cpanel.site\/?page_id=336#breadcrumb\",\"itemListElement\":[{\"@type\":\"ListItem\",\"position\":1,\"name\":\"In\u00edcio\",\"item\":\"https:\/\/careful-olive-sloth.alluring-pink-stork.72-61-35-14.cpanel.site\/\"},{\"@type\":\"ListItem\",\"position\":2,\"name\":\"D\u00favidas Frequentes\"}]}]}<\/script>\n<!-- \/ Yoast SEO plugin. -->","yoast_head_json":{"title":"D\u00favidas Frequentes - Wire Brasil","robots":{"index":"index","follow":"follow","max-snippet":"max-snippet:-1","max-image-preview":"max-image-preview:large","max-video-preview":"max-video-preview:-1"},"canonical":"https:\/\/careful-olive-sloth.alluring-pink-stork.72-61-35-14.cpanel.site\/?page_id=336","og_locale":"pt_BR","og_type":"article","og_title":"D\u00favidas Frequentes - Wire Brasil","og_description":"D\u00daVIDAS FREQUENTES SEJA UM EXPOSITOR CREDENCIAMENTO D\u00daVIDAS FREQUENTES VISITANTES","og_url":"https:\/\/careful-olive-sloth.alluring-pink-stork.72-61-35-14.cpanel.site\/?page_id=336","og_site_name":"Wire Brasil","article_modified_time":"2025-07-24T17:32:39+00:00","twitter_card":"summary_large_image","schema":{"@context":"https:\/\/schema.org","@graph":[{"@type":"WebSite","@id":"https:\/\/careful-olive-sloth.alluring-pink-stork.72-61-35-14.cpanel.site\/#website","url":"https:\/\/careful-olive-sloth.alluring-pink-stork.72-61-35-14.cpanel.site\/","name":"Wire Brasil","description":"Feira Internacional de Fios e Cabos, ","potentialAction":[{"@type":"SearchAction","target":{"@type":"EntryPoint","urlTemplate":"https:\/\/careful-olive-sloth.alluring-pink-stork.72-61-35-14.cpanel.site\/?s={search_term_string}"},"query-input":"required name=search_term_string"}],"inLanguage":"pt-BR"},{"@type":"WebPage","@id":"https:\/\/careful-olive-sloth.alluring-pink-stork.72-61-35-14.cpanel.site\/?page_id=336#webpage","url":"https:\/\/careful-olive-sloth.alluring-pink-stork.72-61-35-14.cpanel.site\/?page_id=336","name":"D\u00favidas Frequentes - Wire Brasil","isPartOf":{"@id":"https:\/\/careful-olive-sloth.alluring-pink-stork.72-61-35-14.cpanel.site\/#website"},"datePublished":"2015-09-10T20:58:40+00:00","dateModified":"2025-07-24T17:32:39+00:00","breadcrumb":{"@id":"https:\/\/careful-olive-sloth.alluring-pink-stork.72-61-35-14.cpanel.site\/?page_id=336#breadcrumb"},"inLanguage":"pt-BR","potentialAction":[{"@type":"ReadAction","target":["https:\/\/careful-olive-sloth.alluring-pink-stork.72-61-35-14.cpanel.site\/?page_id=336"]}]},{"@type":"BreadcrumbList","@id":"https:\/\/careful-olive-sloth.alluring-pink-stork.72-61-35-14.cpanel.site\/?page_id=336#breadcrumb","itemListElement":[{"@type":"ListItem","position":1,"name":"In\u00edcio","item":"https:\/\/careful-olive-sloth.alluring-pink-stork.72-61-35-14.cpanel.site\/"},{"@type":"ListItem","position":2,"name":"D\u00favidas Frequentes"}]}]}},"_links":{"self":[{"href":"https:\/\/careful-olive-sloth.alluring-pink-stork.72-61-35-14.cpanel.site\/index.php?rest_route=\/wp\/v2\/pages\/336","targetHints":{"allow":["GET"]}}],"collection":[{"href":"https:\/\/careful-olive-sloth.alluring-pink-stork.72-61-35-14.cpanel.site\/index.php?rest_route=\/wp\/v2\/pages"}],"about":[{"href":"https:\/\/careful-olive-sloth.alluring-pink-stork.72-61-35-14.cpanel.site\/index.php?rest_route=\/wp\/v2\/types\/page"}],"author":[{"embeddable":true,"href":"https:\/\/careful-olive-sloth.alluring-pink-stork.72-61-35-14.cpanel.site\/index.php?rest_route=\/wp\/v2\/users\/1"}],"replies":[{"embeddable":true,"href":"https:\/\/careful-olive-sloth.alluring-pink-stork.72-61-35-14.cpanel.site\/index.php?rest_route=%2Fwp%2Fv2%2Fcomments&post=336"}],"version-history":[{"count":14,"href":"https:\/\/careful-olive-sloth.alluring-pink-stork.72-61-35-14.cpanel.site\/index.php?rest_route=\/wp\/v2\/pages\/336\/revisions"}],"predecessor-version":[{"id":11702,"href":"https:\/\/careful-olive-sloth.alluring-pink-stork.72-61-35-14.cpanel.site\/index.php?rest_route=\/wp\/v2\/pages\/336\/revisions\/11702"}],"wp:attachment":[{"href":"https:\/\/careful-olive-sloth.alluring-pink-stork.72-61-35-14.cpanel.site\/index.php?rest_route=%2Fwp%2Fv2%2Fmedia&parent=336"}],"curies":[{"name":"wp","href":"https:\/\/api.w.org\/{rel}","templated":true}]}}