{"id":37,"date":"2015-05-19T13:50:17","date_gmt":"2015-05-19T13:50:17","guid":{"rendered":"http:\/\/exposec.tmp.br\/16\/?page_id=37"},"modified":"2025-11-03T13:25:19","modified_gmt":"2025-11-03T13:25:19","slug":"data-e-local","status":"publish","type":"page","link":"https:\/\/careful-olive-sloth.alluring-pink-stork.72-61-35-14.cpanel.site\/?page_id=37","title":{"rendered":"Local e Data"},"content":{"rendered":"\t\t<div data-elementor-type=\"wp-page\" data-elementor-id=\"37\" class=\"elementor elementor-37\" data-elementor-post-type=\"page\">\n\t\t\t\t\t\t<section class=\"elementor-section elementor-top-section elementor-element elementor-element-76652d39 elementor-section-height-min-height elementor-section-boxed elementor-section-height-default elementor-section-items-middle\" data-id=\"76652d39\" data-element_type=\"section\" data-settings=\"{&quot;background_background&quot;:&quot;classic&quot;}\">\n\t\t\t\t\t\t\t<div class=\"elementor-background-overlay\"><\/div>\n\t\t\t\t\t\t\t<div class=\"elementor-container elementor-column-gap-default\">\n\t\t\t\t\t<div class=\"elementor-column elementor-col-33 elementor-top-column elementor-element elementor-element-66ecec47\" data-id=\"66ecec47\" data-element_type=\"column\">\n\t\t\t<div class=\"elementor-widget-wrap elementor-element-populated\">\n\t\t\t\t\t\t<div class=\"elementor-element elementor-element-76066dec elementor-widget elementor-widget-heading\" data-id=\"76066dec\" data-element_type=\"widget\" data-widget_type=\"heading.default\">\n\t\t\t\t<div class=\"elementor-widget-container\">\n\t\t\t<h2 class=\"elementor-heading-title elementor-size-default\">LOCAL E DATA<\/h2>\t\t<\/div>\n\t\t\t\t<\/div>\n\t\t\t\t\t<\/div>\n\t\t<\/div>\n\t\t\t\t<div class=\"elementor-column elementor-col-33 elementor-top-column elementor-element elementor-element-14ad8519\" data-id=\"14ad8519\" data-element_type=\"column\">\n\t\t\t<div class=\"elementor-widget-wrap elementor-element-populated\">\n\t\t\t\t\t\t<div class=\"elementor-element elementor-element-6867c40d elementor-widget elementor-widget-eael-creative-button\" data-id=\"6867c40d\" data-element_type=\"widget\" data-widget_type=\"eael-creative-button.default\">\n\t\t\t\t<div class=\"elementor-widget-container\">\n\t\t\t        <div class=\"eael-creative-button-wrapper\">\n\n            <a class=\"eael-creative-button eael-creative-button--default\" href=\"https:\/\/careful-olive-sloth.alluring-pink-stork.72-61-35-14.cpanel.site\/por-que-expor\/\" data-text=\"\">\n\n\t    \n                <div class=\"creative-button-inner\">\n\n                    \n                    <span class=\"cretive-button-text\">SEJA UM EXPOSITOR<\/span>\n\n                                    <\/div>\n\t                        <\/a>\n        <\/div>\n\t\t<\/div>\n\t\t\t\t<\/div>\n\t\t\t\t\t<\/div>\n\t\t<\/div>\n\t\t\t\t<div class=\"elementor-column elementor-col-33 elementor-top-column elementor-element elementor-element-6c0b998c\" data-id=\"6c0b998c\" data-element_type=\"column\">\n\t\t\t<div class=\"elementor-widget-wrap elementor-element-populated\">\n\t\t\t\t\t\t<div class=\"elementor-element elementor-element-d21b6b7 elementor-widget__width-initial elementor-hidden-desktop elementor-hidden-tablet elementor-hidden-mobile elementor-widget elementor-widget-eael-creative-button\" data-id=\"d21b6b7\" data-element_type=\"widget\" data-widget_type=\"eael-creative-button.default\">\n\t\t\t\t<div class=\"elementor-widget-container\">\n\t\t\t        <div class=\"eael-creative-button-wrapper\">\n\n            <a class=\"eael-creative-button eael-creative-button--default\" href=\"https:\/\/careful-olive-sloth.alluring-pink-stork.72-61-35-14.cpanel.site\/credenciamento\/\" target=\"_blank\" data-text=\"\">\n\n\t    \n                <div class=\"creative-button-inner\">\n\n                    \n                    <span class=\"cretive-button-text\">CREDENCIAMENTO<\/span>\n\n                                    <\/div>\n\t                        <\/a>\n        <\/div>\n\t\t<\/div>\n\t\t\t\t<\/div>\n\t\t\t\t\t<\/div>\n\t\t<\/div>\n\t\t\t\t\t<\/div>\n\t\t<\/section>\n\t\t\t\t<section class=\"elementor-section elementor-top-section elementor-element elementor-element-f1b17c6 elementor-section-height-min-height elementor-section-boxed elementor-section-height-default elementor-section-items-middle\" data-id=\"f1b17c6\" data-element_type=\"section\">\n\t\t\t\t\t\t<div class=\"elementor-container elementor-column-gap-default\">\n\t\t\t\t\t<div class=\"elementor-column elementor-col-100 elementor-top-column elementor-element elementor-element-fefacb2\" data-id=\"fefacb2\" data-element_type=\"column\">\n\t\t\t<div class=\"elementor-widget-wrap elementor-element-populated\">\n\t\t\t\t\t\t<div class=\"elementor-element elementor-element-68cc0a0 eael-dual-header-content-align-center elementor-widget elementor-widget-eael-dual-color-header\" data-id=\"68cc0a0\" data-element_type=\"widget\" data-widget_type=\"eael-dual-color-header.default\">\n\t\t\t\t<div class=\"elementor-widget-container\">\n\t\t\t\t\t\t<div class=\"eael-dual-header\">\n\t\t\t\t\t\t\t\t<h2 class=\"title\"><span class=\"lead solid-color\">LOCAL E DATA <\/span> <span>WIRE BRASIL<\/span><\/h2>\t\t\t\t<span class=\"subtext\"><\/span>\n\t\t\t<\/div>\n\t\t\t\t<\/div>\n\t\t\t\t<\/div>\n\t\t\t\t\t<\/div>\n\t\t<\/div>\n\t\t\t\t\t<\/div>\n\t\t<\/section>\n\t\t\t\t<section class=\"elementor-section elementor-top-section elementor-element elementor-element-234b65a elementor-section-boxed elementor-section-height-default elementor-section-height-default\" data-id=\"234b65a\" data-element_type=\"section\">\n\t\t\t\t\t\t<div class=\"elementor-container elementor-column-gap-default\">\n\t\t\t\t\t<div class=\"elementor-column elementor-col-33 elementor-top-column elementor-element elementor-element-520b166\" data-id=\"520b166\" data-element_type=\"column\">\n\t\t\t<div class=\"elementor-widget-wrap elementor-element-populated\">\n\t\t\t\t\t\t<div class=\"elementor-element elementor-element-639e633 elementor-view-default elementor-position-top elementor-mobile-position-top elementor-widget elementor-widget-icon-box\" data-id=\"639e633\" data-element_type=\"widget\" data-widget_type=\"icon-box.default\">\n\t\t\t\t<div class=\"elementor-widget-container\">\n\t\t\t\t\t<div class=\"elementor-icon-box-wrapper\">\n\t\t\t\t\t\t<div class=\"elementor-icon-box-icon\">\n\t\t\t\t<span  class=\"elementor-icon elementor-animation-grow\">\n\t\t\t\t<i aria-hidden=\"true\" class=\"far fa-calendar-alt\"><\/i>\t\t\t\t<\/span>\n\t\t\t<\/div>\n\t\t\t\t\t\t<div class=\"elementor-icon-box-content\">\n\t\t\t\t<h3 class=\"elementor-icon-box-title\">\n\t\t\t\t\t<span  >\n\t\t\t\t\t\tDATA\t\t\t\t\t<\/span>\n\t\t\t\t<\/h3>\n\t\t\t\t\t\t\t\t\t<p class=\"elementor-icon-box-description\">\n\t\t\t\t\t\t27 a 29 de Outubro de 2027\t\t\t\t\t<\/p>\n\t\t\t\t\t\t\t<\/div>\n\t\t<\/div>\n\t\t\t\t<\/div>\n\t\t\t\t<\/div>\n\t\t\t\t\t<\/div>\n\t\t<\/div>\n\t\t\t\t<div class=\"elementor-column elementor-col-33 elementor-top-column elementor-element elementor-element-da8a902\" data-id=\"da8a902\" data-element_type=\"column\">\n\t\t\t<div class=\"elementor-widget-wrap elementor-element-populated\">\n\t\t\t\t\t\t<div class=\"elementor-element elementor-element-cd712a9 elementor-view-default elementor-position-top elementor-mobile-position-top elementor-widget elementor-widget-icon-box\" data-id=\"cd712a9\" data-element_type=\"widget\" data-widget_type=\"icon-box.default\">\n\t\t\t\t<div class=\"elementor-widget-container\">\n\t\t\t\t\t<div class=\"elementor-icon-box-wrapper\">\n\t\t\t\t\t\t<div class=\"elementor-icon-box-icon\">\n\t\t\t\t<span  class=\"elementor-icon elementor-animation-grow\">\n\t\t\t\t<i aria-hidden=\"true\" class=\"far fa-clock\"><\/i>\t\t\t\t<\/span>\n\t\t\t<\/div>\n\t\t\t\t\t\t<div class=\"elementor-icon-box-content\">\n\t\t\t\t<h3 class=\"elementor-icon-box-title\">\n\t\t\t\t\t<span  >\n\t\t\t\t\t\tHor\u00e1rio\t\t\t\t\t<\/span>\n\t\t\t\t<\/h3>\n\t\t\t\t\t\t\t\t\t<p class=\"elementor-icon-box-description\">\n\t\t\t\t\t\t10h00 \u00e0s 19h00\t\t\t\t\t<\/p>\n\t\t\t\t\t\t\t<\/div>\n\t\t<\/div>\n\t\t\t\t<\/div>\n\t\t\t\t<\/div>\n\t\t\t\t\t<\/div>\n\t\t<\/div>\n\t\t\t\t<div class=\"elementor-column elementor-col-33 elementor-top-column elementor-element elementor-element-3088b1f\" data-id=\"3088b1f\" data-element_type=\"column\">\n\t\t\t<div class=\"elementor-widget-wrap elementor-element-populated\">\n\t\t\t\t\t\t<div class=\"elementor-element elementor-element-0b8b9f9 elementor-view-default elementor-position-top elementor-mobile-position-top elementor-widget elementor-widget-icon-box\" data-id=\"0b8b9f9\" data-element_type=\"widget\" data-widget_type=\"icon-box.default\">\n\t\t\t\t<div class=\"elementor-widget-container\">\n\t\t\t\t\t<div class=\"elementor-icon-box-wrapper\">\n\t\t\t\t\t\t<div class=\"elementor-icon-box-icon\">\n\t\t\t\t<span  class=\"elementor-icon elementor-animation-grow\">\n\t\t\t\t<i aria-hidden=\"true\" class=\"far fa-calendar-check\"><\/i>\t\t\t\t<\/span>\n\t\t\t<\/div>\n\t\t\t\t\t\t<div class=\"elementor-icon-box-content\">\n\t\t\t\t<h3 class=\"elementor-icon-box-title\">\n\t\t\t\t\t<span  >\n\t\t\t\t\t\tFrequ\u00eancia DA FEIRA\t\t\t\t\t<\/span>\n\t\t\t\t<\/h3>\n\t\t\t\t\t\t\t\t\t<p class=\"elementor-icon-box-description\">\n\t\t\t\t\t\tBienal\t\t\t\t\t<\/p>\n\t\t\t\t\t\t\t<\/div>\n\t\t<\/div>\n\t\t\t\t<\/div>\n\t\t\t\t<\/div>\n\t\t\t\t\t<\/div>\n\t\t<\/div>\n\t\t\t\t\t<\/div>\n\t\t<\/section>\n\t\t\t\t<section class=\"elementor-section elementor-top-section elementor-element elementor-element-3ad9f85 elementor-section-boxed elementor-section-height-default elementor-section-height-default\" data-id=\"3ad9f85\" data-element_type=\"section\">\n\t\t\t\t\t\t<div class=\"elementor-container elementor-column-gap-default\">\n\t\t\t\t\t<div class=\"elementor-column elementor-col-50 elementor-top-column elementor-element elementor-element-df7203c\" data-id=\"df7203c\" data-element_type=\"column\">\n\t\t\t<div class=\"elementor-widget-wrap elementor-element-populated\">\n\t\t\t\t\t\t<div class=\"elementor-element elementor-element-0d17b2f elementor-view-default elementor-position-top elementor-mobile-position-top elementor-widget elementor-widget-icon-box\" data-id=\"0d17b2f\" data-element_type=\"widget\" data-widget_type=\"icon-box.default\">\n\t\t\t\t<div class=\"elementor-widget-container\">\n\t\t\t\t\t<div class=\"elementor-icon-box-wrapper\">\n\t\t\t\t\t\t<div class=\"elementor-icon-box-icon\">\n\t\t\t\t<span  class=\"elementor-icon elementor-animation-grow\">\n\t\t\t\t<i aria-hidden=\"true\" class=\"fas fa-map-marker-alt\"><\/i>\t\t\t\t<\/span>\n\t\t\t<\/div>\n\t\t\t\t\t\t<div class=\"elementor-icon-box-content\">\n\t\t\t\t<h3 class=\"elementor-icon-box-title\">\n\t\t\t\t\t<span  >\n\t\t\t\t\t\tEndere\u00e7o\t\t\t\t\t<\/span>\n\t\t\t\t<\/h3>\n\t\t\t\t\t\t\t\t\t<p class=\"elementor-icon-box-description\">\n\t\t\t\t\t\tRodovia dos Imigrantes, KM 1,5 \u2013 \u00c1gua Funda, S\u00e3o Paulo \u2013 SP, 04329-100\t\t\t\t\t<\/p>\n\t\t\t\t\t\t\t<\/div>\n\t\t<\/div>\n\t\t\t\t<\/div>\n\t\t\t\t<\/div>\n\t\t\t\t\t<\/div>\n\t\t<\/div>\n\t\t\t\t<div class=\"elementor-column elementor-col-50 elementor-top-column elementor-element elementor-element-0feb1e8\" data-id=\"0feb1e8\" data-element_type=\"column\">\n\t\t\t<div class=\"elementor-widget-wrap elementor-element-populated\">\n\t\t\t\t\t\t<div class=\"elementor-element elementor-element-b9a5648 elementor-view-default elementor-position-top elementor-mobile-position-top elementor-widget elementor-widget-icon-box\" data-id=\"b9a5648\" data-element_type=\"widget\" data-widget_type=\"icon-box.default\">\n\t\t\t\t<div class=\"elementor-widget-container\">\n\t\t\t\t\t<div class=\"elementor-icon-box-wrapper\">\n\t\t\t\t\t\t<div class=\"elementor-icon-box-icon\">\n\t\t\t\t<span  class=\"elementor-icon elementor-animation-grow\">\n\t\t\t\t<i aria-hidden=\"true\" class=\"fas fa-map-pin\"><\/i>\t\t\t\t<\/span>\n\t\t\t<\/div>\n\t\t\t\t\t\t<div class=\"elementor-icon-box-content\">\n\t\t\t\t<h3 class=\"elementor-icon-box-title\">\n\t\t\t\t\t<span  >\n\t\t\t\t\t\tLOCAL\t\t\t\t\t<\/span>\n\t\t\t\t<\/h3>\n\t\t\t\t\t\t\t\t\t<p class=\"elementor-icon-box-description\">\n\t\t\t\t\t\tS\u00e3o Paulo Expo Exhibition & <BR\/>Convention Center\t\t\t\t\t<\/p>\n\t\t\t\t\t\t\t<\/div>\n\t\t<\/div>\n\t\t\t\t<\/div>\n\t\t\t\t<\/div>\n\t\t\t\t\t<\/div>\n\t\t<\/div>\n\t\t\t\t\t<\/div>\n\t\t<\/section>\n\t\t\t\t<section class=\"elementor-section elementor-top-section elementor-element elementor-element-a14710a elementor-section-height-min-height elementor-section-boxed elementor-section-height-default elementor-section-items-middle\" data-id=\"a14710a\" data-element_type=\"section\">\n\t\t\t\t\t\t<div class=\"elementor-container elementor-column-gap-default\">\n\t\t\t\t\t<div class=\"elementor-column elementor-col-100 elementor-top-column elementor-element elementor-element-c390fb3\" data-id=\"c390fb3\" data-element_type=\"column\">\n\t\t\t<div class=\"elementor-widget-wrap elementor-element-populated\">\n\t\t\t\t\t\t<div class=\"elementor-element elementor-element-382bf6e elementor-widget elementor-widget-text-editor\" data-id=\"382bf6e\" data-element_type=\"widget\" data-widget_type=\"text-editor.default\">\n\t\t\t\t<div class=\"elementor-widget-container\">\n\t\t\t\t\t\t\t<p><strong>Transporte Gratuito:<br \/><br \/><\/strong>Haver\u00e1 transporte gratuito com in\u00edcio 1 hora antes at\u00e9 1 hora depois do funcionamento da feira.\u00a0\u00a0<br \/><br \/><strong>Ponto de Embarque:<\/strong><br \/><br \/>Esta\u00e7\u00e3o Santos-Imigrantes do metr\u00f4 (linha 2 \u2013 verde)<br \/><br \/>Av Ricardo Jafet, s\/n, sentido Imigrantes<br \/><br \/>As vans ter\u00e3o um intervalo m\u00e9dio de 20 minutos &#8211; podendo variar devido ao tr\u00e2nsito no local.<br \/><br \/>Procure os colaboradores uniformizados para aux\u00edlio\u00a0<\/p><p><strong>Estacionamento:<\/strong>\u00a0O S\u00e3o Paulo Expo Exhibition &amp; Convention Center possui um estacionamento com capacidade para mais de 4.200 ve\u00edculos. Consulte pre\u00e7os e hor\u00e1rio de funcionamento no site\u00a0<a href=\"http:\/\/www.saopauloexpo.com.br\/\" target=\"_blank\" rel=\"noopener noreferrer\">www.saopauloexpo.com.br<\/a><\/p><p><strong>T\u00e1xi comum:<\/strong><\/p><ul><li>Aeroporto Congonhas \u2013 Centro de Exposi\u00e7\u00f5es S\u00e3o Paulo Expo:\u00a0<a href=\"http:\/\/www.tarifadetaxi.com\/sao-paulo?from=Av.%20Washington%20Lu%C3%ADs%2C%20s%2Fn%C2%BA%20-%20Vila%20Congonhas%2C%20S%C3%A3o%20Paulo%20-%20SP%2C%2004626-911%2C%20Brasil%20%40-23.6273246%2C-46.6565842&amp;to=S%C3%A3o%20Paulo%20Expo%3A%20Rod.%20dos%20Imigrantes%2C%201%20-%20Parque%20do%20Estado%20-%20Parque%20do%20Estado%2C%20S%C3%A3o%20Paulo%20-%20SP%2C%2004329-100%2C%20Brasil%20%40-23.64363%2C-46.62957&amp;start_loc=-23.627116%2C-46.659381&amp;end_loc=-23.643548%2C-46.630279&amp;auto=1&amp;waypoints=\" target=\"_blank\" rel=\"noopener noreferrer\">(Veja valores)<\/a><\/li><li>Aeroporto Guarulhos \u2013 Centro de Exposi\u00e7\u00f5es S\u00e3o Paulo Expo:\u00a0<a href=\"http:\/\/www.tarifadetaxi.com\/sao-paulo?from=Rod.%20H%C3%A9lio%20Smidt%2C%20s%2Fn%C2%BA%20-%20Cumbica%2C%20Guarulhos%20-%20SP%2C%2007190-100%2C%20Brasil%20%40-23.4345529%2C-46.478125999999975&amp;to=S%C3%A3o%20Paulo%20Expo%3A%20Rod.%20dos%20Imigrantes%2C%201%20-%20Parque%20do%20Estado%20-%20Parque%20do%20Estado%2C%20S%C3%A3o%20Paulo%20-%20SP%2C%2004329-100%2C%20Brasil%20%40-23.64363%2C-46.62957&amp;start_loc=-23.440257%2C-46.479113&amp;end_loc=-23.643548%2C-46.630279&amp;auto=1&amp;waypoints=-23.546049%2C-46.599178\" target=\"_blank\" rel=\"noopener noreferrer\">(Veja valores)<\/a><\/li><\/ul><p>* Os pre\u00e7os acima est\u00e3o sujeitos a altera\u00e7\u00e3o e n\u00e3o s\u00e3o de responsabilidade da Fiera Milano Brasil.<\/p>\t\t\t\t\t\t<\/div>\n\t\t\t\t<\/div>\n\t\t\t\t\t<\/div>\n\t\t<\/div>\n\t\t\t\t\t<\/div>\n\t\t<\/section>\n\t\t\t\t<section class=\"elementor-section elementor-top-section elementor-element elementor-element-04f37ae elementor-section-full_width elementor-section-height-default elementor-section-height-default\" data-id=\"04f37ae\" data-element_type=\"section\">\n\t\t\t\t\t\t<div class=\"elementor-container elementor-column-gap-default\">\n\t\t\t\t\t<div class=\"elementor-column elementor-col-100 elementor-top-column elementor-element elementor-element-3b44782\" data-id=\"3b44782\" data-element_type=\"column\">\n\t\t\t<div class=\"elementor-widget-wrap elementor-element-populated\">\n\t\t\t\t\t\t<div class=\"elementor-element elementor-element-27774e6 elementor-widget elementor-widget-google_maps\" data-id=\"27774e6\" data-element_type=\"widget\" data-widget_type=\"google_maps.default\">\n\t\t\t\t<div class=\"elementor-widget-container\">\n\t\t\t\t\t<div class=\"elementor-custom-embed\">\n\t\t\t<iframe loading=\"lazy\"\n\t\t\t\t\tsrc=\"https:\/\/maps.google.com\/maps?q=Rodovia%20dos%20Imigrantes%2C%20KM%201%2C5%20%E2%80%93%20%C3%81gua%20Funda%2C%20S%C3%A3o%20Paulo%20%E2%80%93%20SP%2C%2004329-100&#038;t=m&#038;z=15&#038;output=embed&#038;iwloc=near\"\n\t\t\t\t\ttitle=\"Rodovia dos Imigrantes, KM 1,5 \u2013 \u00c1gua Funda, S\u00e3o Paulo \u2013 SP, 04329-100\"\n\t\t\t\t\taria-label=\"Rodovia dos Imigrantes, KM 1,5 \u2013 \u00c1gua Funda, S\u00e3o Paulo \u2013 SP, 04329-100\"\n\t\t\t><\/iframe>\n\t\t<\/div>\n\t\t\t\t<\/div>\n\t\t\t\t<\/div>\n\t\t\t\t\t<\/div>\n\t\t<\/div>\n\t\t\t\t\t<\/div>\n\t\t<\/section>\n\t\t\t\t<\/div>\n\t\t","protected":false},"excerpt":{"rendered":"<p>LOCAL E DATA SEJA UM EXPOSITOR CREDENCIAMENTO LOCAL E DATA WIRE BRASIL DATA 27 a 29 de Outubro de 2027 Hor\u00e1rio 10h00 \u00e0s 19h00 Frequ\u00eancia DA FEIRA Bienal Endere\u00e7o Rodovia dos Imigrantes, KM 1,5 \u2013 \u00c1gua Funda, S\u00e3o Paulo \u2013 SP, 04329-100 LOCAL S\u00e3o Paulo Expo Exhibition &#038; Convention Center Transporte Gratuito: Haver\u00e1 transporte gratuito [&hellip;]<\/p>\n","protected":false},"author":1,"featured_media":0,"parent":0,"menu_order":0,"comment_status":"closed","ping_status":"closed","template":"","meta":{"footnotes":""},"class_list":["post-37","page","type-page","status-publish","hentry"],"yoast_head":"<!-- This site is optimized with the Yoast SEO plugin v18.1 - https:\/\/yoast.com\/wordpress\/plugins\/seo\/ -->\n<title>Local e Data - Wire Brasil<\/title>\n<meta name=\"robots\" content=\"index, follow, max-snippet:-1, max-image-preview:large, max-video-preview:-1\" \/>\n<link rel=\"canonical\" href=\"https:\/\/careful-olive-sloth.alluring-pink-stork.72-61-35-14.cpanel.site\/?page_id=37\" \/>\n<meta property=\"og:locale\" content=\"pt_BR\" \/>\n<meta property=\"og:type\" content=\"article\" \/>\n<meta property=\"og:title\" content=\"Local e Data - Wire Brasil\" \/>\n<meta property=\"og:description\" content=\"LOCAL E DATA SEJA UM EXPOSITOR CREDENCIAMENTO LOCAL E DATA WIRE BRASIL DATA 27 a 29 de Outubro de 2027 Hor\u00e1rio 10h00 \u00e0s 19h00 Frequ\u00eancia DA FEIRA Bienal Endere\u00e7o Rodovia dos Imigrantes, KM 1,5 \u2013 \u00c1gua Funda, S\u00e3o Paulo \u2013 SP, 04329-100 LOCAL S\u00e3o Paulo Expo Exhibition &#038; Convention Center Transporte Gratuito: Haver\u00e1 transporte gratuito [&hellip;]\" \/>\n<meta property=\"og:url\" content=\"https:\/\/careful-olive-sloth.alluring-pink-stork.72-61-35-14.cpanel.site\/?page_id=37\" \/>\n<meta property=\"og:site_name\" content=\"Wire Brasil\" \/>\n<meta property=\"article:modified_time\" content=\"2025-11-03T13:25:19+00:00\" \/>\n<meta name=\"twitter:card\" content=\"summary_large_image\" \/>\n<meta name=\"twitter:label1\" content=\"Est. tempo de leitura\" \/>\n\t<meta name=\"twitter:data1\" content=\"1 minuto\" \/>\n<script type=\"application\/ld+json\" class=\"yoast-schema-graph\">{\"@context\":\"https:\/\/schema.org\",\"@graph\":[{\"@type\":\"WebSite\",\"@id\":\"https:\/\/careful-olive-sloth.alluring-pink-stork.72-61-35-14.cpanel.site\/#website\",\"url\":\"https:\/\/careful-olive-sloth.alluring-pink-stork.72-61-35-14.cpanel.site\/\",\"name\":\"Wire Brasil\",\"description\":\"Feira Internacional de Fios e Cabos, \",\"potentialAction\":[{\"@type\":\"SearchAction\",\"target\":{\"@type\":\"EntryPoint\",\"urlTemplate\":\"https:\/\/careful-olive-sloth.alluring-pink-stork.72-61-35-14.cpanel.site\/?s={search_term_string}\"},\"query-input\":\"required name=search_term_string\"}],\"inLanguage\":\"pt-BR\"},{\"@type\":\"WebPage\",\"@id\":\"https:\/\/careful-olive-sloth.alluring-pink-stork.72-61-35-14.cpanel.site\/?page_id=37#webpage\",\"url\":\"https:\/\/careful-olive-sloth.alluring-pink-stork.72-61-35-14.cpanel.site\/?page_id=37\",\"name\":\"Local e Data - Wire Brasil\",\"isPartOf\":{\"@id\":\"https:\/\/careful-olive-sloth.alluring-pink-stork.72-61-35-14.cpanel.site\/#website\"},\"datePublished\":\"2015-05-19T13:50:17+00:00\",\"dateModified\":\"2025-11-03T13:25:19+00:00\",\"breadcrumb\":{\"@id\":\"https:\/\/careful-olive-sloth.alluring-pink-stork.72-61-35-14.cpanel.site\/?page_id=37#breadcrumb\"},\"inLanguage\":\"pt-BR\",\"potentialAction\":[{\"@type\":\"ReadAction\",\"target\":[\"https:\/\/careful-olive-sloth.alluring-pink-stork.72-61-35-14.cpanel.site\/?page_id=37\"]}]},{\"@type\":\"BreadcrumbList\",\"@id\":\"https:\/\/careful-olive-sloth.alluring-pink-stork.72-61-35-14.cpanel.site\/?page_id=37#breadcrumb\",\"itemListElement\":[{\"@type\":\"ListItem\",\"position\":1,\"name\":\"In\u00edcio\",\"item\":\"https:\/\/careful-olive-sloth.alluring-pink-stork.72-61-35-14.cpanel.site\/\"},{\"@type\":\"ListItem\",\"position\":2,\"name\":\"Local e Data\"}]}]}<\/script>\n<!-- \/ Yoast SEO plugin. -->","yoast_head_json":{"title":"Local e Data - Wire Brasil","robots":{"index":"index","follow":"follow","max-snippet":"max-snippet:-1","max-image-preview":"max-image-preview:large","max-video-preview":"max-video-preview:-1"},"canonical":"https:\/\/careful-olive-sloth.alluring-pink-stork.72-61-35-14.cpanel.site\/?page_id=37","og_locale":"pt_BR","og_type":"article","og_title":"Local e Data - Wire Brasil","og_description":"LOCAL E DATA SEJA UM EXPOSITOR CREDENCIAMENTO LOCAL E DATA WIRE BRASIL DATA 27 a 29 de Outubro de 2027 Hor\u00e1rio 10h00 \u00e0s 19h00 Frequ\u00eancia DA FEIRA Bienal Endere\u00e7o Rodovia dos Imigrantes, KM 1,5 \u2013 \u00c1gua Funda, S\u00e3o Paulo \u2013 SP, 04329-100 LOCAL S\u00e3o Paulo Expo Exhibition &#038; Convention Center Transporte Gratuito: Haver\u00e1 transporte gratuito [&hellip;]","og_url":"https:\/\/careful-olive-sloth.alluring-pink-stork.72-61-35-14.cpanel.site\/?page_id=37","og_site_name":"Wire Brasil","article_modified_time":"2025-11-03T13:25:19+00:00","twitter_card":"summary_large_image","twitter_misc":{"Est. tempo de leitura":"1 minuto"},"schema":{"@context":"https:\/\/schema.org","@graph":[{"@type":"WebSite","@id":"https:\/\/careful-olive-sloth.alluring-pink-stork.72-61-35-14.cpanel.site\/#website","url":"https:\/\/careful-olive-sloth.alluring-pink-stork.72-61-35-14.cpanel.site\/","name":"Wire Brasil","description":"Feira Internacional de Fios e Cabos, ","potentialAction":[{"@type":"SearchAction","target":{"@type":"EntryPoint","urlTemplate":"https:\/\/careful-olive-sloth.alluring-pink-stork.72-61-35-14.cpanel.site\/?s={search_term_string}"},"query-input":"required name=search_term_string"}],"inLanguage":"pt-BR"},{"@type":"WebPage","@id":"https:\/\/careful-olive-sloth.alluring-pink-stork.72-61-35-14.cpanel.site\/?page_id=37#webpage","url":"https:\/\/careful-olive-sloth.alluring-pink-stork.72-61-35-14.cpanel.site\/?page_id=37","name":"Local e Data - Wire Brasil","isPartOf":{"@id":"https:\/\/careful-olive-sloth.alluring-pink-stork.72-61-35-14.cpanel.site\/#website"},"datePublished":"2015-05-19T13:50:17+00:00","dateModified":"2025-11-03T13:25:19+00:00","breadcrumb":{"@id":"https:\/\/careful-olive-sloth.alluring-pink-stork.72-61-35-14.cpanel.site\/?page_id=37#breadcrumb"},"inLanguage":"pt-BR","potentialAction":[{"@type":"ReadAction","target":["https:\/\/careful-olive-sloth.alluring-pink-stork.72-61-35-14.cpanel.site\/?page_id=37"]}]},{"@type":"BreadcrumbList","@id":"https:\/\/careful-olive-sloth.alluring-pink-stork.72-61-35-14.cpanel.site\/?page_id=37#breadcrumb","itemListElement":[{"@type":"ListItem","position":1,"name":"In\u00edcio","item":"https:\/\/careful-olive-sloth.alluring-pink-stork.72-61-35-14.cpanel.site\/"},{"@type":"ListItem","position":2,"name":"Local e Data"}]}]}},"_links":{"self":[{"href":"https:\/\/careful-olive-sloth.alluring-pink-stork.72-61-35-14.cpanel.site\/index.php?rest_route=\/wp\/v2\/pages\/37","targetHints":{"allow":["GET"]}}],"collection":[{"href":"https:\/\/careful-olive-sloth.alluring-pink-stork.72-61-35-14.cpanel.site\/index.php?rest_route=\/wp\/v2\/pages"}],"about":[{"href":"https:\/\/careful-olive-sloth.alluring-pink-stork.72-61-35-14.cpanel.site\/index.php?rest_route=\/wp\/v2\/types\/page"}],"author":[{"embeddable":true,"href":"https:\/\/careful-olive-sloth.alluring-pink-stork.72-61-35-14.cpanel.site\/index.php?rest_route=\/wp\/v2\/users\/1"}],"replies":[{"embeddable":true,"href":"https:\/\/careful-olive-sloth.alluring-pink-stork.72-61-35-14.cpanel.site\/index.php?rest_route=%2Fwp%2Fv2%2Fcomments&post=37"}],"version-history":[{"count":65,"href":"https:\/\/careful-olive-sloth.alluring-pink-stork.72-61-35-14.cpanel.site\/index.php?rest_route=\/wp\/v2\/pages\/37\/revisions"}],"predecessor-version":[{"id":12062,"href":"https:\/\/careful-olive-sloth.alluring-pink-stork.72-61-35-14.cpanel.site\/index.php?rest_route=\/wp\/v2\/pages\/37\/revisions\/12062"}],"wp:attachment":[{"href":"https:\/\/careful-olive-sloth.alluring-pink-stork.72-61-35-14.cpanel.site\/index.php?rest_route=%2Fwp%2Fv2%2Fmedia&parent=37"}],"curies":[{"name":"wp","href":"https:\/\/api.w.org\/{rel}","templated":true}]}}