{"id":55,"date":"2015-05-19T13:55:23","date_gmt":"2015-05-19T13:55:23","guid":{"rendered":"http:\/\/exposec.tmp.br\/16\/?page_id=55"},"modified":"2026-04-30T14:24:22","modified_gmt":"2026-04-30T14:24:22","slug":"sobre-a-feira","status":"publish","type":"page","link":"https:\/\/careful-olive-sloth.alluring-pink-stork.72-61-35-14.cpanel.site\/?page_id=55","title":{"rendered":"Sobre a feira"},"content":{"rendered":"\t\t<div data-elementor-type=\"wp-page\" data-elementor-id=\"55\" class=\"elementor elementor-55\" data-elementor-post-type=\"page\">\n\t\t\t\t\t\t<section class=\"elementor-section elementor-top-section elementor-element elementor-element-23d4a8ed elementor-section-height-min-height elementor-section-boxed elementor-section-height-default elementor-section-items-middle\" data-id=\"23d4a8ed\" data-element_type=\"section\" data-settings=\"{&quot;background_background&quot;:&quot;classic&quot;}\">\n\t\t\t\t\t\t\t<div class=\"elementor-background-overlay\"><\/div>\n\t\t\t\t\t\t\t<div class=\"elementor-container elementor-column-gap-default\">\n\t\t\t\t\t<div class=\"elementor-column elementor-col-33 elementor-top-column elementor-element elementor-element-16b77863\" data-id=\"16b77863\" data-element_type=\"column\">\n\t\t\t<div class=\"elementor-widget-wrap elementor-element-populated\">\n\t\t\t\t\t\t<div class=\"elementor-element elementor-element-18bd14d9 elementor-widget elementor-widget-heading\" data-id=\"18bd14d9\" data-element_type=\"widget\" data-widget_type=\"heading.default\">\n\t\t\t\t<div class=\"elementor-widget-container\">\n\t\t\t<h2 class=\"elementor-heading-title elementor-size-default\">SOBRE A FEIRA <\/h2>\t\t<\/div>\n\t\t\t\t<\/div>\n\t\t\t\t\t<\/div>\n\t\t<\/div>\n\t\t\t\t<div class=\"elementor-column elementor-col-33 elementor-top-column elementor-element elementor-element-7d57eb74\" data-id=\"7d57eb74\" data-element_type=\"column\">\n\t\t\t<div class=\"elementor-widget-wrap elementor-element-populated\">\n\t\t\t\t\t\t<div class=\"elementor-element elementor-element-305f80cb elementor-widget elementor-widget-eael-creative-button\" data-id=\"305f80cb\" data-element_type=\"widget\" data-widget_type=\"eael-creative-button.default\">\n\t\t\t\t<div class=\"elementor-widget-container\">\n\t\t\t        <div class=\"eael-creative-button-wrapper\">\n\n            <a class=\"eael-creative-button eael-creative-button--default\" href=\"https:\/\/careful-olive-sloth.alluring-pink-stork.72-61-35-14.cpanel.site\/por-que-expor\/\" data-text=\"\">\n\n\t    \n                <div class=\"creative-button-inner\">\n\n                    \n                    <span class=\"cretive-button-text\">SEJA UM EXPOSITOR<\/span>\n\n                                    <\/div>\n\t                        <\/a>\n        <\/div>\n\t\t<\/div>\n\t\t\t\t<\/div>\n\t\t\t\t\t<\/div>\n\t\t<\/div>\n\t\t\t\t<div class=\"elementor-column elementor-col-33 elementor-top-column elementor-element elementor-element-4b93007a\" data-id=\"4b93007a\" data-element_type=\"column\">\n\t\t\t<div class=\"elementor-widget-wrap elementor-element-populated\">\n\t\t\t\t\t\t<div class=\"elementor-element elementor-element-1f82e3b8 elementor-widget__width-initial elementor-hidden-desktop elementor-hidden-tablet elementor-hidden-mobile elementor-widget elementor-widget-eael-creative-button\" data-id=\"1f82e3b8\" data-element_type=\"widget\" data-widget_type=\"eael-creative-button.default\">\n\t\t\t\t<div class=\"elementor-widget-container\">\n\t\t\t        <div class=\"eael-creative-button-wrapper\">\n\n            <a class=\"eael-creative-button eael-creative-button--default\" href=\"https:\/\/careful-olive-sloth.alluring-pink-stork.72-61-35-14.cpanel.site\/credenciamento\/\" data-text=\"\">\n\n\t    \n                <div class=\"creative-button-inner\">\n\n                    \n                    <span class=\"cretive-button-text\">CREDENCIAMENTO<\/span>\n\n                                    <\/div>\n\t                        <\/a>\n        <\/div>\n\t\t<\/div>\n\t\t\t\t<\/div>\n\t\t\t\t\t<\/div>\n\t\t<\/div>\n\t\t\t\t\t<\/div>\n\t\t<\/section>\n\t\t\t\t<section class=\"elementor-section elementor-top-section elementor-element elementor-element-7ad1495b elementor-section-height-min-height elementor-section-boxed elementor-section-height-default elementor-section-items-middle\" data-id=\"7ad1495b\" data-element_type=\"section\">\n\t\t\t\t\t\t<div class=\"elementor-container elementor-column-gap-default\">\n\t\t\t\t\t<div class=\"elementor-column elementor-col-50 elementor-top-column elementor-element elementor-element-64dd807a\" data-id=\"64dd807a\" data-element_type=\"column\">\n\t\t\t<div class=\"elementor-widget-wrap elementor-element-populated\">\n\t\t\t\t\t\t<div class=\"elementor-element elementor-element-6dc1f48 eael-dual-header-content-align-left elementor-widget elementor-widget-eael-dual-color-header\" data-id=\"6dc1f48\" data-element_type=\"widget\" data-widget_type=\"eael-dual-color-header.default\">\n\t\t\t\t<div class=\"elementor-widget-container\">\n\t\t\t\t\t\t<div class=\"eael-dual-header\">\n\t\t\t\t\t\t\t\t<h2 class=\"title\"><span class=\"lead solid-color\">WIRE BRASIL<\/span> <span>2027<\/span><\/h2>\t\t\t\t<span class=\"subtext\"><p>A\u00a0<strong>Wire Brasil<\/strong> \u00e9 o \u00fanico evento na Am\u00e9rica Latina a congregar as mais recentes tecnologias, produtos e servi\u00e7os na fabrica\u00e7\u00e3o e processamento de fios e cabos, al\u00e9m de atrair compradores de toda a cadeia produtiva em um ambiente prop\u00edcio para a gera\u00e7\u00e3o de neg\u00f3cios e networking.<\/p><p>Em 2027, chega \u00e0 sua <strong>8\u00aa edi\u00e7\u00e3o<\/strong>\u00a0focada em otimizar a experi\u00eancia de seus expositores e visitantes, com novas ferramentas digitais dispon\u00edveis para a sua empresa se conectar com um p\u00fablico \u00e1vido por informa\u00e7\u00e3o e conquistar novos parceiros. Entre os setores presentes est\u00e3o\u00a0<strong>fios e cabos, m\u00e1quinas, equipamentos e acess\u00f3rios, al\u00e9m de log\u00edstica e servi\u00e7os diversos<\/strong>.<\/p><p>A Wire Brasil \u00e9 um evento bienal, com organiza\u00e7\u00e3o e promo\u00e7\u00e3o da <strong><a href=\"http:\/\/www.cipafieramilano.com.br\/\" target=\"_blank\" rel=\"noopener noreferrer\">Fiera Milano Brasil<\/a><\/strong>, e acontecer\u00e1 entre os dias <strong>27 a 29 de outubro<\/strong>, no S\u00e3o Paulo Expo Exhibition &amp; Convention Center, em S\u00e3o Paulo, juntamente com a\u00a0<strong>14\u00aa edi\u00e7\u00e3o<\/strong>\u00a0da\u00a0<a href=\"http:\/\/www.tubotech.com.br\/\" target=\"_blank\" rel=\"noopener noreferrer\"><strong>Tubotech \u2013 Feira Internacional de Tubos, V\u00e1lvulas, Bombas, Conex\u00f5es e Componentes<\/strong><\/a>, cujos produtos e visitantes t\u00eam grande sinergia com os p\u00fablicos da Wire Brasil.<\/p><\/span>\n\t\t\t<\/div>\n\t\t\t\t<\/div>\n\t\t\t\t<\/div>\n\t\t\t\t\t<\/div>\n\t\t<\/div>\n\t\t\t\t<div class=\"elementor-column elementor-col-50 elementor-top-column elementor-element elementor-element-cc9c585\" data-id=\"cc9c585\" data-element_type=\"column\">\n\t\t\t<div class=\"elementor-widget-wrap elementor-element-populated\">\n\t\t\t\t\t\t<div class=\"elementor-element elementor-element-247a8b7 elementor-widget elementor-widget-image\" data-id=\"247a8b7\" data-element_type=\"widget\" data-widget_type=\"image.default\">\n\t\t\t\t<div class=\"elementor-widget-container\">\n\t\t\t\t\t\t\t\t\t\t\t\t\t<img fetchpriority=\"high\" decoding=\"async\" width=\"768\" height=\"1152\" src=\"https:\/\/careful-olive-sloth.alluring-pink-stork.72-61-35-14.cpanel.site\/wp-content\/uploads\/2025\/10\/TUBOTECH_WIRE_251029_11_h_INDY1817-768x1152.jpg\" class=\"attachment-medium_large size-medium_large wp-image-12021\" alt=\"\" srcset=\"https:\/\/careful-olive-sloth.alluring-pink-stork.72-61-35-14.cpanel.site\/wp-content\/uploads\/2025\/10\/TUBOTECH_WIRE_251029_11_h_INDY1817-768x1152.jpg 768w, https:\/\/careful-olive-sloth.alluring-pink-stork.72-61-35-14.cpanel.site\/wp-content\/uploads\/2025\/10\/TUBOTECH_WIRE_251029_11_h_INDY1817-320x480.jpg 320w, https:\/\/careful-olive-sloth.alluring-pink-stork.72-61-35-14.cpanel.site\/wp-content\/uploads\/2025\/10\/TUBOTECH_WIRE_251029_11_h_INDY1817-1200x1800.jpg 1200w, https:\/\/careful-olive-sloth.alluring-pink-stork.72-61-35-14.cpanel.site\/wp-content\/uploads\/2025\/10\/TUBOTECH_WIRE_251029_11_h_INDY1817-1024x1536.jpg 1024w, https:\/\/careful-olive-sloth.alluring-pink-stork.72-61-35-14.cpanel.site\/wp-content\/uploads\/2025\/10\/TUBOTECH_WIRE_251029_11_h_INDY1817-120x180.jpg 120w, https:\/\/careful-olive-sloth.alluring-pink-stork.72-61-35-14.cpanel.site\/wp-content\/uploads\/2025\/10\/TUBOTECH_WIRE_251029_11_h_INDY1817.jpg 1333w\" sizes=\"(max-width: 768px) 100vw, 768px\" \/>\t\t\t\t\t\t\t\t\t\t\t\t\t<\/div>\n\t\t\t\t<\/div>\n\t\t\t\t\t<\/div>\n\t\t<\/div>\n\t\t\t\t\t<\/div>\n\t\t<\/section>\n\t\t\t\t<\/div>\n\t\t","protected":false},"excerpt":{"rendered":"<p>SOBRE A FEIRA SEJA UM EXPOSITOR CREDENCIAMENTO WIRE BRASIL 2027 A\u00a0Wire Brasil \u00e9 o \u00fanico evento na Am\u00e9rica Latina a congregar as mais recentes tecnologias, produtos e servi\u00e7os na fabrica\u00e7\u00e3o e processamento de fios e cabos, al\u00e9m de atrair compradores de toda a cadeia produtiva em um ambiente prop\u00edcio para a gera\u00e7\u00e3o de neg\u00f3cios e [&hellip;]<\/p>\n","protected":false},"author":1,"featured_media":0,"parent":0,"menu_order":0,"comment_status":"closed","ping_status":"closed","template":"","meta":{"footnotes":""},"class_list":["post-55","page","type-page","status-publish","hentry"],"yoast_head":"<!-- This site is optimized with the Yoast SEO plugin v18.1 - https:\/\/yoast.com\/wordpress\/plugins\/seo\/ -->\n<title>Exposec - Sobre a Feira - Grupo Cipa Fiera Milano<\/title>\n<meta name=\"description\" content=\"Exposec - Sobre a Feira - Grupo Cipa Fiera Milano\" \/>\n<meta name=\"robots\" content=\"index, follow, max-snippet:-1, max-image-preview:large, max-video-preview:-1\" \/>\n<link rel=\"canonical\" href=\"https:\/\/careful-olive-sloth.alluring-pink-stork.72-61-35-14.cpanel.site\/?page_id=55\" \/>\n<meta property=\"og:locale\" content=\"pt_BR\" \/>\n<meta property=\"og:type\" content=\"article\" \/>\n<meta property=\"og:title\" content=\"Exposec - Sobre a Feira - Grupo Cipa Fiera Milano\" \/>\n<meta property=\"og:description\" content=\"Exposec - Sobre a Feira - Grupo Cipa Fiera Milano\" \/>\n<meta property=\"og:url\" content=\"https:\/\/careful-olive-sloth.alluring-pink-stork.72-61-35-14.cpanel.site\/?page_id=55\" \/>\n<meta property=\"og:site_name\" content=\"Wire Brasil\" \/>\n<meta property=\"article:modified_time\" content=\"2026-04-30T14:24:22+00:00\" \/>\n<meta property=\"og:image\" content=\"https:\/\/careful-olive-sloth.alluring-pink-stork.72-61-35-14.cpanel.site\/wp-content\/uploads\/2025\/10\/TUBOTECH_WIRE_251029_11_h_INDY1817-768x1152.jpg\" \/>\n<meta name=\"twitter:card\" content=\"summary_large_image\" \/>\n<meta name=\"twitter:label1\" content=\"Est. tempo de leitura\" \/>\n\t<meta name=\"twitter:data1\" content=\"1 minuto\" \/>\n<script type=\"application\/ld+json\" class=\"yoast-schema-graph\">{\"@context\":\"https:\/\/schema.org\",\"@graph\":[{\"@type\":\"WebSite\",\"@id\":\"https:\/\/careful-olive-sloth.alluring-pink-stork.72-61-35-14.cpanel.site\/#website\",\"url\":\"https:\/\/careful-olive-sloth.alluring-pink-stork.72-61-35-14.cpanel.site\/\",\"name\":\"Wire Brasil\",\"description\":\"Feira Internacional de Fios e Cabos, \",\"potentialAction\":[{\"@type\":\"SearchAction\",\"target\":{\"@type\":\"EntryPoint\",\"urlTemplate\":\"https:\/\/careful-olive-sloth.alluring-pink-stork.72-61-35-14.cpanel.site\/?s={search_term_string}\"},\"query-input\":\"required name=search_term_string\"}],\"inLanguage\":\"pt-BR\"},{\"@type\":\"ImageObject\",\"@id\":\"https:\/\/careful-olive-sloth.alluring-pink-stork.72-61-35-14.cpanel.site\/?page_id=55#primaryimage\",\"inLanguage\":\"pt-BR\",\"url\":\"https:\/\/careful-olive-sloth.alluring-pink-stork.72-61-35-14.cpanel.site\/wp-content\/uploads\/2025\/10\/TUBOTECH_WIRE_251029_11_h_INDY1817.jpg\",\"contentUrl\":\"https:\/\/careful-olive-sloth.alluring-pink-stork.72-61-35-14.cpanel.site\/wp-content\/uploads\/2025\/10\/TUBOTECH_WIRE_251029_11_h_INDY1817.jpg\",\"width\":1333,\"height\":2000},{\"@type\":\"WebPage\",\"@id\":\"https:\/\/careful-olive-sloth.alluring-pink-stork.72-61-35-14.cpanel.site\/?page_id=55#webpage\",\"url\":\"https:\/\/careful-olive-sloth.alluring-pink-stork.72-61-35-14.cpanel.site\/?page_id=55\",\"name\":\"Exposec - Sobre a Feira - Grupo Cipa Fiera Milano\",\"isPartOf\":{\"@id\":\"https:\/\/careful-olive-sloth.alluring-pink-stork.72-61-35-14.cpanel.site\/#website\"},\"primaryImageOfPage\":{\"@id\":\"https:\/\/careful-olive-sloth.alluring-pink-stork.72-61-35-14.cpanel.site\/?page_id=55#primaryimage\"},\"datePublished\":\"2015-05-19T13:55:23+00:00\",\"dateModified\":\"2026-04-30T14:24:22+00:00\",\"description\":\"Exposec - Sobre a Feira - Grupo Cipa Fiera Milano\",\"breadcrumb\":{\"@id\":\"https:\/\/careful-olive-sloth.alluring-pink-stork.72-61-35-14.cpanel.site\/?page_id=55#breadcrumb\"},\"inLanguage\":\"pt-BR\",\"potentialAction\":[{\"@type\":\"ReadAction\",\"target\":[\"https:\/\/careful-olive-sloth.alluring-pink-stork.72-61-35-14.cpanel.site\/?page_id=55\"]}]},{\"@type\":\"BreadcrumbList\",\"@id\":\"https:\/\/careful-olive-sloth.alluring-pink-stork.72-61-35-14.cpanel.site\/?page_id=55#breadcrumb\",\"itemListElement\":[{\"@type\":\"ListItem\",\"position\":1,\"name\":\"In\u00edcio\",\"item\":\"https:\/\/careful-olive-sloth.alluring-pink-stork.72-61-35-14.cpanel.site\/\"},{\"@type\":\"ListItem\",\"position\":2,\"name\":\"Sobre a feira\"}]}]}<\/script>\n<!-- \/ Yoast SEO plugin. -->","yoast_head_json":{"title":"Exposec - Sobre a Feira - Grupo Cipa Fiera Milano","description":"Exposec - Sobre a Feira - Grupo Cipa Fiera Milano","robots":{"index":"index","follow":"follow","max-snippet":"max-snippet:-1","max-image-preview":"max-image-preview:large","max-video-preview":"max-video-preview:-1"},"canonical":"https:\/\/careful-olive-sloth.alluring-pink-stork.72-61-35-14.cpanel.site\/?page_id=55","og_locale":"pt_BR","og_type":"article","og_title":"Exposec - Sobre a Feira - Grupo Cipa Fiera Milano","og_description":"Exposec - Sobre a Feira - Grupo Cipa Fiera Milano","og_url":"https:\/\/careful-olive-sloth.alluring-pink-stork.72-61-35-14.cpanel.site\/?page_id=55","og_site_name":"Wire Brasil","article_modified_time":"2026-04-30T14:24:22+00:00","og_image":[{"url":"https:\/\/careful-olive-sloth.alluring-pink-stork.72-61-35-14.cpanel.site\/wp-content\/uploads\/2025\/10\/TUBOTECH_WIRE_251029_11_h_INDY1817-768x1152.jpg"}],"twitter_card":"summary_large_image","twitter_misc":{"Est. tempo de leitura":"1 minuto"},"schema":{"@context":"https:\/\/schema.org","@graph":[{"@type":"WebSite","@id":"https:\/\/careful-olive-sloth.alluring-pink-stork.72-61-35-14.cpanel.site\/#website","url":"https:\/\/careful-olive-sloth.alluring-pink-stork.72-61-35-14.cpanel.site\/","name":"Wire Brasil","description":"Feira Internacional de Fios e Cabos, ","potentialAction":[{"@type":"SearchAction","target":{"@type":"EntryPoint","urlTemplate":"https:\/\/careful-olive-sloth.alluring-pink-stork.72-61-35-14.cpanel.site\/?s={search_term_string}"},"query-input":"required name=search_term_string"}],"inLanguage":"pt-BR"},{"@type":"ImageObject","@id":"https:\/\/careful-olive-sloth.alluring-pink-stork.72-61-35-14.cpanel.site\/?page_id=55#primaryimage","inLanguage":"pt-BR","url":"https:\/\/careful-olive-sloth.alluring-pink-stork.72-61-35-14.cpanel.site\/wp-content\/uploads\/2025\/10\/TUBOTECH_WIRE_251029_11_h_INDY1817.jpg","contentUrl":"https:\/\/careful-olive-sloth.alluring-pink-stork.72-61-35-14.cpanel.site\/wp-content\/uploads\/2025\/10\/TUBOTECH_WIRE_251029_11_h_INDY1817.jpg","width":1333,"height":2000},{"@type":"WebPage","@id":"https:\/\/careful-olive-sloth.alluring-pink-stork.72-61-35-14.cpanel.site\/?page_id=55#webpage","url":"https:\/\/careful-olive-sloth.alluring-pink-stork.72-61-35-14.cpanel.site\/?page_id=55","name":"Exposec - Sobre a Feira - Grupo Cipa Fiera Milano","isPartOf":{"@id":"https:\/\/careful-olive-sloth.alluring-pink-stork.72-61-35-14.cpanel.site\/#website"},"primaryImageOfPage":{"@id":"https:\/\/careful-olive-sloth.alluring-pink-stork.72-61-35-14.cpanel.site\/?page_id=55#primaryimage"},"datePublished":"2015-05-19T13:55:23+00:00","dateModified":"2026-04-30T14:24:22+00:00","description":"Exposec - Sobre a Feira - Grupo Cipa Fiera Milano","breadcrumb":{"@id":"https:\/\/careful-olive-sloth.alluring-pink-stork.72-61-35-14.cpanel.site\/?page_id=55#breadcrumb"},"inLanguage":"pt-BR","potentialAction":[{"@type":"ReadAction","target":["https:\/\/careful-olive-sloth.alluring-pink-stork.72-61-35-14.cpanel.site\/?page_id=55"]}]},{"@type":"BreadcrumbList","@id":"https:\/\/careful-olive-sloth.alluring-pink-stork.72-61-35-14.cpanel.site\/?page_id=55#breadcrumb","itemListElement":[{"@type":"ListItem","position":1,"name":"In\u00edcio","item":"https:\/\/careful-olive-sloth.alluring-pink-stork.72-61-35-14.cpanel.site\/"},{"@type":"ListItem","position":2,"name":"Sobre a feira"}]}]}},"_links":{"self":[{"href":"https:\/\/careful-olive-sloth.alluring-pink-stork.72-61-35-14.cpanel.site\/index.php?rest_route=\/wp\/v2\/pages\/55","targetHints":{"allow":["GET"]}}],"collection":[{"href":"https:\/\/careful-olive-sloth.alluring-pink-stork.72-61-35-14.cpanel.site\/index.php?rest_route=\/wp\/v2\/pages"}],"about":[{"href":"https:\/\/careful-olive-sloth.alluring-pink-stork.72-61-35-14.cpanel.site\/index.php?rest_route=\/wp\/v2\/types\/page"}],"author":[{"embeddable":true,"href":"https:\/\/careful-olive-sloth.alluring-pink-stork.72-61-35-14.cpanel.site\/index.php?rest_route=\/wp\/v2\/users\/1"}],"replies":[{"embeddable":true,"href":"https:\/\/careful-olive-sloth.alluring-pink-stork.72-61-35-14.cpanel.site\/index.php?rest_route=%2Fwp%2Fv2%2Fcomments&post=55"}],"version-history":[{"count":79,"href":"https:\/\/careful-olive-sloth.alluring-pink-stork.72-61-35-14.cpanel.site\/index.php?rest_route=\/wp\/v2\/pages\/55\/revisions"}],"predecessor-version":[{"id":12216,"href":"https:\/\/careful-olive-sloth.alluring-pink-stork.72-61-35-14.cpanel.site\/index.php?rest_route=\/wp\/v2\/pages\/55\/revisions\/12216"}],"wp:attachment":[{"href":"https:\/\/careful-olive-sloth.alluring-pink-stork.72-61-35-14.cpanel.site\/index.php?rest_route=%2Fwp%2Fv2%2Fmedia&parent=55"}],"curies":[{"name":"wp","href":"https:\/\/api.w.org\/{rel}","templated":true}]}}