{"id":9354,"date":"2023-05-29T12:01:37","date_gmt":"2023-05-29T12:01:37","guid":{"rendered":"https:\/\/careful-olive-sloth.alluring-pink-stork.72-61-35-14.cpanel.site\/?page_id=9354"},"modified":"2025-11-03T14:19:51","modified_gmt":"2025-11-03T14:19:51","slug":"contato","status":"publish","type":"page","link":"https:\/\/careful-olive-sloth.alluring-pink-stork.72-61-35-14.cpanel.site\/?page_id=9354","title":{"rendered":"Contato"},"content":{"rendered":"\t\t<div data-elementor-type=\"wp-page\" data-elementor-id=\"9354\" class=\"elementor elementor-9354\" data-elementor-post-type=\"page\">\n\t\t\t\t\t\t<section class=\"elementor-section elementor-top-section elementor-element elementor-element-334f37d8 elementor-section-height-min-height elementor-section-boxed elementor-section-height-default elementor-section-items-middle\" data-id=\"334f37d8\" data-element_type=\"section\" data-settings=\"{&quot;background_background&quot;:&quot;classic&quot;}\">\n\t\t\t\t\t\t\t<div class=\"elementor-background-overlay\"><\/div>\n\t\t\t\t\t\t\t<div class=\"elementor-container elementor-column-gap-default\">\n\t\t\t\t\t<div class=\"elementor-column elementor-col-33 elementor-top-column elementor-element elementor-element-3e1b48d3\" data-id=\"3e1b48d3\" data-element_type=\"column\">\n\t\t\t<div class=\"elementor-widget-wrap elementor-element-populated\">\n\t\t\t\t\t\t<div class=\"elementor-element elementor-element-3c143d14 elementor-widget elementor-widget-heading\" data-id=\"3c143d14\" data-element_type=\"widget\" data-widget_type=\"heading.default\">\n\t\t\t\t<div class=\"elementor-widget-container\">\n\t\t\t<h2 class=\"elementor-heading-title elementor-size-default\">Contato <\/h2>\t\t<\/div>\n\t\t\t\t<\/div>\n\t\t\t\t\t<\/div>\n\t\t<\/div>\n\t\t\t\t<div class=\"elementor-column elementor-col-33 elementor-top-column elementor-element elementor-element-1dcba24a\" data-id=\"1dcba24a\" data-element_type=\"column\">\n\t\t\t<div class=\"elementor-widget-wrap elementor-element-populated\">\n\t\t\t\t\t\t<div class=\"elementor-element elementor-element-b7687e9 elementor-widget elementor-widget-eael-creative-button\" data-id=\"b7687e9\" data-element_type=\"widget\" data-widget_type=\"eael-creative-button.default\">\n\t\t\t\t<div class=\"elementor-widget-container\">\n\t\t\t        <div class=\"eael-creative-button-wrapper\">\n\n            <a class=\"eael-creative-button eael-creative-button--default\" href=\"https:\/\/careful-olive-sloth.alluring-pink-stork.72-61-35-14.cpanel.site\/por-que-expor\/\" data-text=\"\">\n\n\t    \n                <div class=\"creative-button-inner\">\n\n                    \n                    <span class=\"cretive-button-text\">SEJA UM EXPOSITOR<\/span>\n\n                                    <\/div>\n\t                        <\/a>\n        <\/div>\n\t\t<\/div>\n\t\t\t\t<\/div>\n\t\t\t\t\t<\/div>\n\t\t<\/div>\n\t\t\t\t<div class=\"elementor-column elementor-col-33 elementor-top-column elementor-element elementor-element-17448adf elementor-hidden-desktop elementor-hidden-tablet elementor-hidden-mobile\" data-id=\"17448adf\" data-element_type=\"column\">\n\t\t\t<div class=\"elementor-widget-wrap elementor-element-populated\">\n\t\t\t\t\t\t<div class=\"elementor-element elementor-element-3a893c10 elementor-widget__width-initial elementor-widget elementor-widget-eael-creative-button\" data-id=\"3a893c10\" data-element_type=\"widget\" data-widget_type=\"eael-creative-button.default\">\n\t\t\t\t<div class=\"elementor-widget-container\">\n\t\t\t        <div class=\"eael-creative-button-wrapper\">\n\n            <a class=\"eael-creative-button eael-creative-button--default\" href=\"https:\/\/careful-olive-sloth.alluring-pink-stork.72-61-35-14.cpanel.site\/credenciamento\/\" data-text=\"\">\n\n\t    \n                <div class=\"creative-button-inner\">\n\n                    \n                    <span class=\"cretive-button-text\">CREDENCIAMENTO<\/span>\n\n                                    <\/div>\n\t                        <\/a>\n        <\/div>\n\t\t<\/div>\n\t\t\t\t<\/div>\n\t\t\t\t\t<\/div>\n\t\t<\/div>\n\t\t\t\t\t<\/div>\n\t\t<\/section>\n\t\t\t\t<section class=\"elementor-section elementor-top-section elementor-element elementor-element-71a3a59 elementor-section-height-min-height elementor-section-boxed elementor-section-height-default elementor-section-items-middle\" data-id=\"71a3a59\" data-element_type=\"section\">\n\t\t\t\t\t\t<div class=\"elementor-container elementor-column-gap-default\">\n\t\t\t\t\t<div class=\"elementor-column elementor-col-100 elementor-top-column elementor-element elementor-element-b8919e9\" data-id=\"b8919e9\" data-element_type=\"column\">\n\t\t\t<div class=\"elementor-widget-wrap elementor-element-populated\">\n\t\t\t\t\t\t<div class=\"elementor-element elementor-element-527ec30 eael-dual-header-content-align-center elementor-widget elementor-widget-eael-dual-color-header\" data-id=\"527ec30\" data-element_type=\"widget\" data-widget_type=\"eael-dual-color-header.default\">\n\t\t\t\t<div class=\"elementor-widget-container\">\n\t\t\t\t\t\t<div class=\"eael-dual-header\">\n\t\t\t\t\t\t\t\t<h2 class=\"title\"><span class=\"lead solid-color\">Contato <\/span> <span>WIRE BRASIL<\/span><\/h2>\t\t\t\t<span class=\"subtext\">Fa\u00e7a \u00f3timos neg\u00f3cios na feira que atrai os principais\u00a0compradores do setor!\n\nEntre em contato com nossa equipe de vendas, nossos consultores est\u00e3o preparados para auxili\u00e1-lo\u00a0nas\u00a0melhores solu\u00e7\u00f5es para destacar seus produtos <br \/>e alavancar grandes neg\u00f3cios para sua empresa:<\/span>\n\t\t\t<\/div>\n\t\t\t\t<\/div>\n\t\t\t\t<\/div>\n\t\t\t\t\t<\/div>\n\t\t<\/div>\n\t\t\t\t\t<\/div>\n\t\t<\/section>\n\t\t\t\t<section class=\"elementor-section elementor-top-section elementor-element elementor-element-7e87ae5 elementor-section-boxed elementor-section-height-default elementor-section-height-default\" data-id=\"7e87ae5\" data-element_type=\"section\">\n\t\t\t\t\t\t<div class=\"elementor-container elementor-column-gap-default\">\n\t\t\t\t\t<div class=\"elementor-column elementor-col-100 elementor-top-column elementor-element elementor-element-cbcf191\" data-id=\"cbcf191\" data-element_type=\"column\">\n\t\t\t<div class=\"elementor-widget-wrap elementor-element-populated\">\n\t\t\t\t\t\t<div class=\"elementor-element elementor-element-9f531a7 elementor-button-align-stretch elementor-widget elementor-widget-form\" data-id=\"9f531a7\" data-element_type=\"widget\" data-settings=\"{&quot;step_next_label&quot;:&quot;Next&quot;,&quot;step_previous_label&quot;:&quot;Previous&quot;,&quot;button_width&quot;:&quot;100&quot;,&quot;step_type&quot;:&quot;number_text&quot;,&quot;step_icon_shape&quot;:&quot;circle&quot;}\" data-widget_type=\"form.default\">\n\t\t\t\t<div class=\"elementor-widget-container\">\n\t\t\t\t\t<form class=\"elementor-form\" method=\"post\" name=\"Contato Wire Brasil\">\n\t\t\t<input type=\"hidden\" name=\"post_id\" value=\"9354\"\/>\n\t\t\t<input type=\"hidden\" name=\"form_id\" value=\"9f531a7\"\/>\n\t\t\t<input type=\"hidden\" name=\"referer_title\" value=\"Wire Brasil\" \/>\n\n\t\t\t\n\t\t\t<div class=\"elementor-form-fields-wrapper elementor-labels-\">\n\t\t\t\t\t\t\t\t<div class=\"elementor-field-type-text elementor-field-group elementor-column elementor-field-group-name elementor-col-100 elementor-field-required\">\n\t\t\t\t\t\t\t\t\t\t\t\t<label for=\"form-field-name\" class=\"elementor-field-label elementor-screen-only\">\n\t\t\t\t\t\t\t\tContato *\t\t\t\t\t\t\t<\/label>\n\t\t\t\t\t\t\t\t\t\t\t\t\t\t<input size=\"1\" type=\"text\" name=\"form_fields[name]\" id=\"form-field-name\" class=\"elementor-field elementor-size-sm  elementor-field-textual\" placeholder=\"Contato *\" required=\"required\" aria-required=\"true\">\n\t\t\t\t\t\t\t\t\t\t\t<\/div>\n\t\t\t\t\t\t\t\t<div class=\"elementor-field-type-text elementor-field-group elementor-column elementor-field-group-email elementor-col-100 elementor-field-required\">\n\t\t\t\t\t\t\t\t\t\t\t\t<label for=\"form-field-email\" class=\"elementor-field-label elementor-screen-only\">\n\t\t\t\t\t\t\t\tEmpresa *\t\t\t\t\t\t\t<\/label>\n\t\t\t\t\t\t\t\t\t\t\t\t\t\t<input size=\"1\" type=\"text\" name=\"form_fields[email]\" id=\"form-field-email\" class=\"elementor-field elementor-size-sm  elementor-field-textual\" placeholder=\"Empresa *\" required=\"required\" aria-required=\"true\">\n\t\t\t\t\t\t\t\t\t\t\t<\/div>\n\t\t\t\t\t\t\t\t<div class=\"elementor-field-type-tel elementor-field-group elementor-column elementor-field-group-field_68aa920 elementor-col-100 elementor-field-required\">\n\t\t\t\t\t\t\t\t\t\t\t\t<label for=\"form-field-field_68aa920\" class=\"elementor-field-label elementor-screen-only\">\n\t\t\t\t\t\t\t\tTelefone *\t\t\t\t\t\t\t<\/label>\n\t\t\t\t\t\t\t\t<input size=\"1\" type=\"tel\" name=\"form_fields[field_68aa920]\" id=\"form-field-field_68aa920\" class=\"elementor-field elementor-size-sm  elementor-field-textual\" placeholder=\"Telefone *\" required=\"required\" aria-required=\"true\" pattern=\"[0-9()#&amp;+*-=.]+\" title=\"Only numbers and phone characters (#, -, *, etc) are accepted.\">\n\n\t\t\t\t\t\t<\/div>\n\t\t\t\t\t\t\t\t<div class=\"elementor-field-type-email elementor-field-group elementor-column elementor-field-group-field_0dd7f36 elementor-col-100 elementor-field-required\">\n\t\t\t\t\t\t\t\t\t\t\t\t<label for=\"form-field-field_0dd7f36\" class=\"elementor-field-label elementor-screen-only\">\n\t\t\t\t\t\t\t\tE-mail*\t\t\t\t\t\t\t<\/label>\n\t\t\t\t\t\t\t\t\t\t\t\t\t\t<input size=\"1\" type=\"email\" name=\"form_fields[field_0dd7f36]\" id=\"form-field-field_0dd7f36\" class=\"elementor-field elementor-size-sm  elementor-field-textual\" placeholder=\"E-mail*\" required=\"required\" aria-required=\"true\">\n\t\t\t\t\t\t\t\t\t\t\t<\/div>\n\t\t\t\t\t\t\t\t<div class=\"elementor-field-type-select elementor-field-group elementor-column elementor-field-group-field_303db6a elementor-col-100 elementor-field-required\">\n\t\t\t\t\t\t\t\t\t\t\t\t<label for=\"form-field-field_303db6a\" class=\"elementor-field-label elementor-screen-only\">\n\t\t\t\t\t\t\t\tQual departamento deseja entrar em contato?\t\t\t\t\t\t\t<\/label>\n\t\t\t\t\t\t\t\t<div class=\"elementor-field elementor-select-wrapper remove-before \">\n\t\t\t<div class=\"select-caret-down-wrapper\">\n\t\t\t\t<i aria-hidden=\"true\" class=\"eicon-caret-down\"><\/i>\t\t\t<\/div>\n\t\t\t<select name=\"form_fields[field_303db6a]\" id=\"form-field-field_303db6a\" class=\"elementor-field-textual elementor-size-sm\" required=\"required\" aria-required=\"true\">\n\t\t\t\t\t\t\t\t\t<option value=\"Marketing\">Marketing<\/option>\n\t\t\t\t\t\t\t\t\t<option value=\"Comercial\">Comercial<\/option>\n\t\t\t\t\t\t\t\t\t<option value=\"Operacional\">Operacional<\/option>\n\t\t\t\t\t\t\t\t\t<option value=\"Financeiro\">Financeiro<\/option>\n\t\t\t\t\t\t\t\t\t<option value=\"Outros\">Outros<\/option>\n\t\t\t\t\t\t\t<\/select>\n\t\t<\/div>\n\t\t\t\t\t\t<\/div>\n\t\t\t\t\t\t\t\t<div class=\"elementor-field-type-textarea elementor-field-group elementor-column elementor-field-group-message elementor-col-100\">\n\t\t\t\t\t\t\t\t\t\t\t\t<label for=\"form-field-message\" class=\"elementor-field-label elementor-screen-only\">\n\t\t\t\t\t\t\t\tMensagem\t\t\t\t\t\t\t<\/label>\n\t\t\t\t\t\t<textarea class=\"elementor-field-textual elementor-field  elementor-size-sm\" name=\"form_fields[message]\" id=\"form-field-message\" rows=\"4\" placeholder=\"Mensagem\"><\/textarea>\t\t\t\t<\/div>\n\t\t\t\t\t\t\t\t<div class=\"elementor-field-type-checkbox elementor-field-group elementor-column elementor-field-group-field_49e5dee elementor-col-100\">\n\t\t\t\t\t\t\t\t\t\t\t\t<label for=\"form-field-field_49e5dee\" class=\"elementor-field-label elementor-screen-only\">\n\t\t\t\t\t\t\t\tComunica\u00e7\u00e3oCFM\t\t\t\t\t\t\t<\/label>\n\t\t\t\t\t\t<div class=\"elementor-field-subgroup  \"><span class=\"elementor-field-option\"><input type=\"checkbox\" value=\"Sim, eu quero receber comunica\u00e7\u00f5es do Grupo Fiera Milano Brasil\" id=\"form-field-field_49e5dee-0\" name=\"form_fields[field_49e5dee]\"> <label for=\"form-field-field_49e5dee-0\">Sim, eu quero receber comunica\u00e7\u00f5es do Grupo Fiera Milano Brasil<\/label><\/span><\/div>\t\t\t\t<\/div>\n\t\t\t\t\t\t\t\t<div class=\"elementor-field-type-checkbox elementor-field-group elementor-column elementor-field-group-field_aa85fdc elementor-col-100\">\n\t\t\t\t\t\t\t\t\t\t\t\t<label for=\"form-field-field_aa85fdc\" class=\"elementor-field-label elementor-screen-only\">\n\t\t\t\t\t\t\t\tComunica\u00e7\u00e3o Parceiros\t\t\t\t\t\t\t<\/label>\n\t\t\t\t\t\t<div class=\"elementor-field-subgroup  \"><span class=\"elementor-field-option\"><input type=\"checkbox\" value=\"Sim, eu quero receber comunica\u00e7\u00f5es dos parceiros do Grupo Fiera Milano Brasil\" id=\"form-field-field_aa85fdc-0\" name=\"form_fields[field_aa85fdc]\"> <label for=\"form-field-field_aa85fdc-0\">Sim, eu quero receber comunica\u00e7\u00f5es dos parceiros do Grupo Fiera Milano Brasil<\/label><\/span><\/div>\t\t\t\t<\/div>\n\t\t\t\t\t\t\t\t<div class=\"elementor-field-type-checkbox elementor-field-group elementor-column elementor-field-group-field_034620f elementor-col-100\">\n\t\t\t\t\t\t\t\t\t\t\t\t<label for=\"form-field-field_034620f\" class=\"elementor-field-label elementor-screen-only\">\n\t\t\t\t\t\t\t\tPrivacidade\t\t\t\t\t\t\t<\/label>\n\t\t\t\t\t\t<div class=\"elementor-field-subgroup  \"><span class=\"elementor-field-option\"><input type=\"checkbox\" value=\"Sim, eu concordo com os termos de uso e com a Pol\u00edtica de Privacidade do Grupo Fiera Milano Brasil.\" id=\"form-field-field_034620f-0\" name=\"form_fields[field_034620f]\"> <label for=\"form-field-field_034620f-0\">Sim, eu concordo com os termos de uso e com a Pol\u00edtica de Privacidade do Grupo Fiera Milano Brasil.<\/label><\/span><\/div>\t\t\t\t<\/div>\n\t\t\t\t\t\t\t\t<div class=\"elementor-field-type-html elementor-field-group elementor-column elementor-field-group-field_2ab81b0 elementor-col-100\">\n\t\t\t\t\t<a href=\"\/politica-de-privacidade\/\" target=\"new\"><strong>Ver Pol\u00edtica de Privacidade<\/strong><\/a>\t\t\t\t<\/div>\n\t\t\t\t\t\t\t\t<div class=\"elementor-field-group elementor-column elementor-field-type-submit elementor-col-100 e-form__buttons\">\n\t\t\t\t\t<button class=\"elementor-button elementor-size-sm\" type=\"submit\">\n\t\t\t\t\t\t<span class=\"elementor-button-content-wrapper\">\n\t\t\t\t\t\t\t\t\t\t\t\t\t\t\t\t\t\t\t\t\t\t<span class=\"elementor-button-text\">ENVIAR<\/span>\n\t\t\t\t\t\t\t\t\t\t\t\t\t<\/span>\n\t\t\t\t\t<\/button>\n\t\t\t\t<\/div>\n\t\t\t<\/div>\n\t\t<\/form>\n\t\t\t\t<\/div>\n\t\t\t\t<\/div>\n\t\t\t\t\t<\/div>\n\t\t<\/div>\n\t\t\t\t\t<\/div>\n\t\t<\/section>\n\t\t\t\t<\/div>\n\t\t","protected":false},"excerpt":{"rendered":"<p>Contato SEJA UM EXPOSITOR CREDENCIAMENTO Contato WIRE BRASIL Fa\u00e7a \u00f3timos neg\u00f3cios na feira que atrai os principais\u00a0compradores do setor! Entre em contato com nossa equipe de vendas, nossos consultores est\u00e3o preparados para auxili\u00e1-lo\u00a0nas\u00a0melhores solu\u00e7\u00f5es para destacar seus produtos e alavancar grandes neg\u00f3cios para sua empresa:<\/p>\n","protected":false},"author":1,"featured_media":0,"parent":0,"menu_order":0,"comment_status":"closed","ping_status":"closed","template":"","meta":{"footnotes":""},"class_list":["post-9354","page","type-page","status-publish","hentry"],"yoast_head":"<!-- This site is optimized with the Yoast SEO plugin v18.1 - https:\/\/yoast.com\/wordpress\/plugins\/seo\/ -->\n<title>Contato - Wire Brasil<\/title>\n<meta name=\"robots\" content=\"index, follow, max-snippet:-1, max-image-preview:large, max-video-preview:-1\" \/>\n<link rel=\"canonical\" href=\"https:\/\/careful-olive-sloth.alluring-pink-stork.72-61-35-14.cpanel.site\/?page_id=9354\" \/>\n<meta property=\"og:locale\" content=\"pt_BR\" \/>\n<meta property=\"og:type\" content=\"article\" \/>\n<meta property=\"og:title\" content=\"Contato - Wire Brasil\" \/>\n<meta property=\"og:description\" content=\"Contato SEJA UM EXPOSITOR CREDENCIAMENTO Contato WIRE BRASIL Fa\u00e7a \u00f3timos neg\u00f3cios na feira que atrai os principais\u00a0compradores do setor! Entre em contato com nossa equipe de vendas, nossos consultores est\u00e3o preparados para auxili\u00e1-lo\u00a0nas\u00a0melhores solu\u00e7\u00f5es para destacar seus produtos e alavancar grandes neg\u00f3cios para sua empresa:\" \/>\n<meta property=\"og:url\" content=\"https:\/\/careful-olive-sloth.alluring-pink-stork.72-61-35-14.cpanel.site\/?page_id=9354\" \/>\n<meta property=\"og:site_name\" content=\"Wire Brasil\" \/>\n<meta property=\"article:modified_time\" content=\"2025-11-03T14:19:51+00:00\" \/>\n<meta name=\"twitter:card\" content=\"summary_large_image\" \/>\n<script type=\"application\/ld+json\" class=\"yoast-schema-graph\">{\"@context\":\"https:\/\/schema.org\",\"@graph\":[{\"@type\":\"WebSite\",\"@id\":\"https:\/\/careful-olive-sloth.alluring-pink-stork.72-61-35-14.cpanel.site\/#website\",\"url\":\"https:\/\/careful-olive-sloth.alluring-pink-stork.72-61-35-14.cpanel.site\/\",\"name\":\"Wire Brasil\",\"description\":\"Feira Internacional de Fios e Cabos, \",\"potentialAction\":[{\"@type\":\"SearchAction\",\"target\":{\"@type\":\"EntryPoint\",\"urlTemplate\":\"https:\/\/careful-olive-sloth.alluring-pink-stork.72-61-35-14.cpanel.site\/?s={search_term_string}\"},\"query-input\":\"required name=search_term_string\"}],\"inLanguage\":\"pt-BR\"},{\"@type\":\"WebPage\",\"@id\":\"https:\/\/careful-olive-sloth.alluring-pink-stork.72-61-35-14.cpanel.site\/?page_id=9354#webpage\",\"url\":\"https:\/\/careful-olive-sloth.alluring-pink-stork.72-61-35-14.cpanel.site\/?page_id=9354\",\"name\":\"Contato - Wire Brasil\",\"isPartOf\":{\"@id\":\"https:\/\/careful-olive-sloth.alluring-pink-stork.72-61-35-14.cpanel.site\/#website\"},\"datePublished\":\"2023-05-29T12:01:37+00:00\",\"dateModified\":\"2025-11-03T14:19:51+00:00\",\"breadcrumb\":{\"@id\":\"https:\/\/careful-olive-sloth.alluring-pink-stork.72-61-35-14.cpanel.site\/?page_id=9354#breadcrumb\"},\"inLanguage\":\"pt-BR\",\"potentialAction\":[{\"@type\":\"ReadAction\",\"target\":[\"https:\/\/careful-olive-sloth.alluring-pink-stork.72-61-35-14.cpanel.site\/?page_id=9354\"]}]},{\"@type\":\"BreadcrumbList\",\"@id\":\"https:\/\/careful-olive-sloth.alluring-pink-stork.72-61-35-14.cpanel.site\/?page_id=9354#breadcrumb\",\"itemListElement\":[{\"@type\":\"ListItem\",\"position\":1,\"name\":\"In\u00edcio\",\"item\":\"https:\/\/careful-olive-sloth.alluring-pink-stork.72-61-35-14.cpanel.site\/\"},{\"@type\":\"ListItem\",\"position\":2,\"name\":\"Contato\"}]}]}<\/script>\n<!-- \/ Yoast SEO plugin. -->","yoast_head_json":{"title":"Contato - Wire Brasil","robots":{"index":"index","follow":"follow","max-snippet":"max-snippet:-1","max-image-preview":"max-image-preview:large","max-video-preview":"max-video-preview:-1"},"canonical":"https:\/\/careful-olive-sloth.alluring-pink-stork.72-61-35-14.cpanel.site\/?page_id=9354","og_locale":"pt_BR","og_type":"article","og_title":"Contato - Wire Brasil","og_description":"Contato SEJA UM EXPOSITOR CREDENCIAMENTO Contato WIRE BRASIL Fa\u00e7a \u00f3timos neg\u00f3cios na feira que atrai os principais\u00a0compradores do setor! Entre em contato com nossa equipe de vendas, nossos consultores est\u00e3o preparados para auxili\u00e1-lo\u00a0nas\u00a0melhores solu\u00e7\u00f5es para destacar seus produtos e alavancar grandes neg\u00f3cios para sua empresa:","og_url":"https:\/\/careful-olive-sloth.alluring-pink-stork.72-61-35-14.cpanel.site\/?page_id=9354","og_site_name":"Wire Brasil","article_modified_time":"2025-11-03T14:19:51+00:00","twitter_card":"summary_large_image","schema":{"@context":"https:\/\/schema.org","@graph":[{"@type":"WebSite","@id":"https:\/\/careful-olive-sloth.alluring-pink-stork.72-61-35-14.cpanel.site\/#website","url":"https:\/\/careful-olive-sloth.alluring-pink-stork.72-61-35-14.cpanel.site\/","name":"Wire Brasil","description":"Feira Internacional de Fios e Cabos, ","potentialAction":[{"@type":"SearchAction","target":{"@type":"EntryPoint","urlTemplate":"https:\/\/careful-olive-sloth.alluring-pink-stork.72-61-35-14.cpanel.site\/?s={search_term_string}"},"query-input":"required name=search_term_string"}],"inLanguage":"pt-BR"},{"@type":"WebPage","@id":"https:\/\/careful-olive-sloth.alluring-pink-stork.72-61-35-14.cpanel.site\/?page_id=9354#webpage","url":"https:\/\/careful-olive-sloth.alluring-pink-stork.72-61-35-14.cpanel.site\/?page_id=9354","name":"Contato - Wire Brasil","isPartOf":{"@id":"https:\/\/careful-olive-sloth.alluring-pink-stork.72-61-35-14.cpanel.site\/#website"},"datePublished":"2023-05-29T12:01:37+00:00","dateModified":"2025-11-03T14:19:51+00:00","breadcrumb":{"@id":"https:\/\/careful-olive-sloth.alluring-pink-stork.72-61-35-14.cpanel.site\/?page_id=9354#breadcrumb"},"inLanguage":"pt-BR","potentialAction":[{"@type":"ReadAction","target":["https:\/\/careful-olive-sloth.alluring-pink-stork.72-61-35-14.cpanel.site\/?page_id=9354"]}]},{"@type":"BreadcrumbList","@id":"https:\/\/careful-olive-sloth.alluring-pink-stork.72-61-35-14.cpanel.site\/?page_id=9354#breadcrumb","itemListElement":[{"@type":"ListItem","position":1,"name":"In\u00edcio","item":"https:\/\/careful-olive-sloth.alluring-pink-stork.72-61-35-14.cpanel.site\/"},{"@type":"ListItem","position":2,"name":"Contato"}]}]}},"_links":{"self":[{"href":"https:\/\/careful-olive-sloth.alluring-pink-stork.72-61-35-14.cpanel.site\/index.php?rest_route=\/wp\/v2\/pages\/9354","targetHints":{"allow":["GET"]}}],"collection":[{"href":"https:\/\/careful-olive-sloth.alluring-pink-stork.72-61-35-14.cpanel.site\/index.php?rest_route=\/wp\/v2\/pages"}],"about":[{"href":"https:\/\/careful-olive-sloth.alluring-pink-stork.72-61-35-14.cpanel.site\/index.php?rest_route=\/wp\/v2\/types\/page"}],"author":[{"embeddable":true,"href":"https:\/\/careful-olive-sloth.alluring-pink-stork.72-61-35-14.cpanel.site\/index.php?rest_route=\/wp\/v2\/users\/1"}],"replies":[{"embeddable":true,"href":"https:\/\/careful-olive-sloth.alluring-pink-stork.72-61-35-14.cpanel.site\/index.php?rest_route=%2Fwp%2Fv2%2Fcomments&post=9354"}],"version-history":[{"count":80,"href":"https:\/\/careful-olive-sloth.alluring-pink-stork.72-61-35-14.cpanel.site\/index.php?rest_route=\/wp\/v2\/pages\/9354\/revisions"}],"predecessor-version":[{"id":12130,"href":"https:\/\/careful-olive-sloth.alluring-pink-stork.72-61-35-14.cpanel.site\/index.php?rest_route=\/wp\/v2\/pages\/9354\/revisions\/12130"}],"wp:attachment":[{"href":"https:\/\/careful-olive-sloth.alluring-pink-stork.72-61-35-14.cpanel.site\/index.php?rest_route=%2Fwp%2Fv2%2Fmedia&parent=9354"}],"curies":[{"name":"wp","href":"https:\/\/api.w.org\/{rel}","templated":true}]}}